{"id":370,"date":"2014-04-22T19:20:54","date_gmt":"2014-04-22T17:20:54","guid":{"rendered":"http:\/\/osprzepiennikbiskupi.pl\/wordpress\/?page_id=370"},"modified":"2017-07-08T17:43:02","modified_gmt":"2017-07-08T15:43:02","slug":"galeria","status":"publish","type":"page","link":"http:\/\/osprzepiennikbiskupi.pl\/wordpress\/galeria\/","title":{"rendered":"Galeria"},"content":{"rendered":"<h3><span style=\"text-decoration: underline; font-size: 20px;\"><span style=\"color: #3366ff; text-decoration: underline;\"><strong><a style=\"color: #3366ff; text-decoration: underline;\" href=\"http:\/\/osprzepiennikbiskupi.pl\/wordpress\/rozpoczecie-odpustu-tuchowskiego-film\/\"><span style=\"font-family: arial,helvetica,sans-serif;\">01.07.2017 &#8211; Rozpocz\u0119cie Odpustu Tuchowskiego<\/span><\/a><\/strong><\/span><\/span><\/h3>\n<h3><span style=\"text-decoration: underline; font-size: 20px;\"><span style=\"color: #3366ff; text-decoration: underline;\"><strong><a style=\"color: #3366ff; text-decoration: underline;\" href=\"http:\/\/www.osprzepiennikbiskupi.pl\/Albumy\/01.07.2017%20-%20Rozpocz%C4%99cie%20Odpustu%20Tuchowskiego\/\"><span style=\"font-family: arial,helvetica,sans-serif;\">01.07.2017 &#8211; Rozpocz\u0119cie Odpustu Tuchowskiego<\/span><\/a><\/strong><\/span><\/span><\/h3>\n<h3><span style=\"text-decoration: underline; font-size: 20px;\"><span style=\"color: #3366ff; text-decoration: underline;\"><strong><a style=\"color: #3366ff; text-decoration: underline;\" href=\"http:\/\/www.osprzepiennikbiskupi.pl\/Albumy\/Warta%20przy%20Grobie%20Pa%C5%84skim%202017\/\"><span style=\"font-family: arial,helvetica,sans-serif;\">15.04.2017 &#8211;\u00a0 Warta przy Grobie Pa\u0144skim.<\/span><\/a><\/strong><\/span><\/span><\/h3>\n<h3><span style=\"text-decoration: underline; font-size: 20px;\"><span style=\"color: #3366ff; text-decoration: underline;\"><a style=\"color: #3366ff; text-decoration: underline;\" href=\"http:\/\/www.osprzepiennikbiskupi.pl\/Albumy\/Zebranie%20sprawozdawcze%202017\/\"><strong><span style=\"font-family: arial,helvetica,sans-serif;\">07.02.2017 &#8211; Zebranie sprawozdawcze.<\/span><\/strong><\/a><\/span><\/span><\/h3>\n<p>&nbsp;<\/p>\n<h3><span style=\"font-size: 20px; font-family: arial,helvetica,sans-serif;\"><strong><span style=\"text-decoration: underline; color: #3366ff;\"><a style=\"color: #3366ff; text-decoration: underline;\" href=\"http:\/\/www.osprzepiennikbiskupi.pl\/Albumy\/01.07.2016%20-%20Rozpocz%C4%99cie%20Odpustu%20Tuchowskiego\/\">01.07.2016 &#8211; Rozpocz\u0119cie Odpustu Tuchowskiego.<\/a><\/span><\/strong><\/span><\/h3>\n<h3><span style=\"font-size: 20px;\"><strong><span style=\"text-decoration: underline;\"><span style=\"color: #3366ff; font-family: 'arial black',sans-serif; text-decoration: underline;\"><a style=\"color: #3366ff; text-decoration: underline;\" href=\"http:\/\/osprzepiennikbiskupi.pl\/Albumy\/25.06.2016%20-%20Gminne%20zawody%20sportowo-po%c5%bcarnicze%202016\/\" target=\"_blank\" rel=\"noopener noreferrer\">25.06.2016 &#8211; Gminne zawody sportowo &#8211; po\u017carnicze 2016<\/a>.<\/span><\/span><\/strong><\/span><\/h3>\n<h3><span style=\"font-size: 20px;\"><strong><span style=\"text-decoration: underline;\"><span style=\"color: #3366ff; font-family: 'arial black',sans-serif; text-decoration: underline;\"><a style=\"color: #3366ff; text-decoration: underline;\" href=\"http:\/\/osprzepiennikbiskupi.pl\/Albumy\/01.06.2016 Dzie\u0144 Dziecka w remizie OSP Rzepiennik Biskupi\" target=\"_blank\" rel=\"noopener noreferrer\">01.06.2016 &#8211; Dzie\u0144 Dziecka w remizie OSP Rzepiennik Biskupi<\/a>.<\/span><\/span><\/strong><\/span><\/h3>\n<h3><span style=\"font-size: 20px;\"><strong><span style=\"text-decoration: underline;\"><span style=\"color: #3366ff; font-family: 'arial black',sans-serif; text-decoration: underline;\"><a style=\"color: #3366ff; text-decoration: underline;\" href=\"http:\/\/osprzepiennikbiskupi.pl\/Albumy\/20.05.2016%20Ewakuacja%20przedszkola\" target=\"_blank\" rel=\"noopener noreferrer\">20.05.2016 &#8211; Ewakuacja przedszkola.<\/a><\/span><\/span><\/strong><\/span><\/h3>\n<h3><span style=\"font-size: 20px;\"><strong><span style=\"text-decoration: underline;\"><span style=\"color: #3366ff; font-family: 'arial black',sans-serif; text-decoration: underline;\"><a style=\"color: #3366ff; text-decoration: underline;\" href=\"http:\/\/osprzepiennikbiskupi.pl\/Albumy\/01.05.2016%20%E2%80%93%20Uroczysto%C5%9B%C4%87%20%C5%9Aw.%20Floriana\" target=\"_blank\" rel=\"noopener noreferrer\">01.05.2016 &#8211; Uroczysto\u015b\u0107 \u015aw. Floriana<\/a>.<\/span><\/span><\/strong><\/span><\/h3>\n<h3><span style=\"font-size: 20px;\"><strong><span style=\"text-decoration: underline;\"><span style=\"color: #3366ff; font-family: 'arial black',sans-serif; text-decoration: underline;\"><a style=\"color: #3366ff; text-decoration: underline;\" href=\"http:\/\/www.osprzepiennikbiskupi.pl\/Albumy\/Rezurekcja 2016\" target=\"_blank\" rel=\"noopener noreferrer\">27.03.2016 &#8211; Rezurekcja<\/a>.<\/span><\/span><\/strong><\/span><\/h3>\n<p>&nbsp;<\/p>\n<h3><span style=\"font-size: 20px;\"><strong><span style=\"text-decoration: underline;\"><span style=\"color: #3366ff; font-family: 'arial black',sans-serif; text-decoration: underline;\"><a style=\"color: #3366ff; text-decoration: underline;\" href=\"http:\/\/www.osprzepiennikbiskupi.pl\/Albumy\/19.05.2015%20Wycieczka%20z%20przedszkola\/\" target=\"_blank\" rel=\"noopener noreferrer\">19.05.2015 &#8211; Wizyta przedszkola<\/a>.<\/span><\/span><\/strong><\/span><\/h3>\n<h3><span style=\"font-size: 20px;\"><strong><span style=\"text-decoration: underline;\"><span style=\"color: #3366ff; font-family: 'arial black',sans-serif; text-decoration: underline;\"><a style=\"color: #3366ff; text-decoration: underline;\" href=\"http:\/\/www.osprzepiennikbiskupi.pl\/Albumy\/%C4%86wiczenia%20na%20budynku%20w%20Rzepienniku%20Strzy%C5%BCewskim\/\" target=\"_blank\" rel=\"noopener noreferrer\">17.04.2015 &#8211; \u0106wiczenia na budynku w Rzepienniku Strzy\u017cewskim<\/a>.<\/span><\/span><\/strong><\/span><\/h3>\n<h3><span style=\"font-size: 20px;\"><strong><span style=\"text-decoration: underline;\"><span style=\"color: #3366ff; font-family: 'arial black',sans-serif; text-decoration: underline;\"><a style=\"color: #3366ff; text-decoration: underline;\" href=\"http:\/\/www.osprzepiennikbiskupi.pl\/Albumy\/Konkurs%20plastyczny%2013.04.2015\/\" target=\"_blank\" rel=\"noopener noreferrer\">13.04.2015 &#8211; Konkurs plastyczny<\/a>.<\/span><\/span><\/strong><\/span><\/h3>\n<h3><span style=\"font-size: 20px;\"><strong><span style=\"text-decoration: underline;\"><span style=\"color: #3366ff; font-family: 'arial black',sans-serif; text-decoration: underline;\"><a style=\"color: #3366ff; text-decoration: underline;\" href=\"http:\/\/www.osprzepiennikbiskupi.pl\/Albumy\/Zebranie%20sprawozdawcze%202015\/\" target=\"_blank\" rel=\"noopener noreferrer\">14.02.2015 &#8211; Zebranie Sprawozdawcze 2015<\/a>.<\/span><\/span><\/strong><\/span><\/h3>\n<h3><span style=\"font-size: 20px;\"><strong><span style=\"text-decoration: underline;\"><span style=\"color: #3366ff; font-family: 'arial black',sans-serif; text-decoration: underline;\">\u00a0<\/span><\/span><\/strong><\/span><\/h3>\n<p>&nbsp;<\/p>\n<h3><span style=\"font-size: 20px;\"><strong><span style=\"text-decoration: underline;\"><span style=\"color: #3366ff; font-family: 'arial black',sans-serif; text-decoration: underline;\">2014 &#8211;<a style=\"color: #3366ff; text-decoration: underline;\" title=\"Wizyta Szko\u0142y Podstawowej\" href=\"http:\/\/www.osprzepiennikbiskupi.pl\/Albumy\/Wizyta%20Szko%C5%82y%20Podstawowej%202014\/\" target=\"_blank\" rel=\"noopener noreferrer\">Wizyta Szko\u0142y Podstawowej<\/a><\/span><\/span><\/strong><\/span><\/h3>\n<h3><span style=\"font-size: 20px;\"><strong><span style=\"text-decoration: underline;\"><span style=\"color: #3366ff; font-family: 'arial black',sans-serif; text-decoration: underline;\">2014 &#8211;\u00a0<a style=\"color: #3366ff; text-decoration: underline;\" title=\"Wizyta Przedszkola 2014\" href=\"http:\/\/www.osprzepiennikbiskupi.pl\/Albumy\/Wizyta%20przedszkola%202014\/\" target=\"_blank\" rel=\"noopener noreferrer\">Wizyta Przedszkola.<\/a><\/span><\/span><\/strong><\/span><\/h3>\n<h3><span style=\"font-size: 20px;\"><strong><span style=\"text-decoration: underline;\"><span style=\"color: #3366ff; font-family: 'arial black',sans-serif; text-decoration: underline;\">2014 &#8211;\u00a0<a style=\"color: #3366ff; text-decoration: underline;\" title=\"Gminne zawody Sportowo-Po\u017carnicze 2014\" href=\"http:\/\/www.osprzepiennikbiskupi.pl\/Albumy\/Gminne%20zawody%20Sportowo-Po%C5%BCarnicze%202014\/#DSC01272.JPG\" target=\"_blank\" rel=\"noopener noreferrer\">Gminne zawody Sportowo-Po\u017carnicze<\/a><\/span><\/span><\/strong><\/span><\/h3>\n<h3><span style=\"font-size: 20px;\"><strong><span style=\"text-decoration: underline;\"><span style=\"color: #3366ff; font-family: 'arial black',sans-serif; text-decoration: underline;\">2014 &#8211;\u00a0<a style=\"color: #3366ff; text-decoration: underline;\" href=\"http:\/\/www.osprzepiennikbiskupi.pl\/Albumy\/Uroczysto%C5%9B%C4%87%20%C5%9Aw.%20Floriana\/#DSC01119.JPG\">Uroczysto\u015b\u0107 \u015aw. Floriana.<\/a><\/span><\/span><\/strong><\/span><\/h3>\n<p>&nbsp;<\/p>\n<h3><span style=\"font-size: 20px;\"><strong><span style=\"text-decoration: underline;\"><span style=\"color: #3366ff; font-family: 'arial black',sans-serif; text-decoration: underline;\">2013 &#8211;\u00a0<a style=\"color: #3366ff; text-decoration: underline;\" href=\"http:\/\/www.osprzepiennikbiskupi.pl\/Albumy\/Wizyta%20przedszkola\/\" target=\"Wizyta przedszkola\">Wizyta Przedszkola<\/a>.<\/span><\/span><\/strong><\/span><\/h3>\n<h3><span style=\"font-size: 20px;\"><strong><span style=\"text-decoration: underline;\"><span style=\"color: #3366ff; font-family: 'arial black',sans-serif; text-decoration: underline;\">2013 &#8211;\u00a0<a style=\"color: #3366ff; text-decoration: underline;\" href=\"http:\/\/www.osprzepiennikbiskupi.pl\/Albumy\/Warta przy Grobie\/\" target=\"Warta przy Grobie\">Warta przy Grobie Pa\u0144skim.<\/a><\/span><\/span><\/strong><\/span><\/h3>\n<h3><span style=\"font-size: 20px;\"><strong><span style=\"text-decoration: underline;\"><span style=\"font-family: 'arial black',sans-serif;\">\u00a0<\/span><\/span><\/strong><\/span><\/h3>\n<h3><span style=\"font-size: 20px;\"><strong><span style=\"text-decoration: underline;\"><span style=\"color: #3366ff; font-family: 'arial black',sans-serif; text-decoration: underline;\">Marzec 2010 &#8211;\u00a0<a style=\"color: #3366ff; text-decoration: underline;\" href=\"http:\/\/osprzepiennikbiskupi.pl\/Albumy\/Modernizacja%20Mercedes%20Sprinter%204x4\" target=\"_blank\" rel=\"noopener noreferrer\">Modernizacja Mercedes SPRINTER<\/a><\/span><\/span><\/strong><\/span><\/h3>\n<p>&nbsp;<\/p>\n<h3><span style=\"font-size: 20px;\"><strong><span style=\"text-decoration: underline;\"><span style=\"color: #3366ff; font-family: 'arial black',sans-serif; text-decoration: underline;\">22.09.1996 &#8211;\u00a0<a style=\"color: #3366ff; text-decoration: underline;\" href=\"http:\/\/www.osprzepiennikbiskupi.pl\/Albumy\/Po%C5%9Bwi%C4%99cenie%20sztandaru\/\" target=\"_blank\" rel=\"noopener noreferrer\">Po\u015bwi\u0119cenie sztandaru<\/a><\/span><\/span><\/strong><\/span><\/h3>\n<h3><span style=\"font-size: 20px;\"><strong><span style=\"text-decoration: underline;\"><span style=\"font-family: 'arial black',sans-serif;\">\u00a0<\/span><\/span><\/strong><\/span><\/h3>\n<h3><span style=\"font-size: 20px;\"><strong><span style=\"text-decoration: underline;\"><span style=\"font-family: 'arial black',sans-serif;\">\u00a0<\/span><\/span><\/strong><\/span><\/h3>\n<h3><span style=\"font-size: 20px;\"><strong><span style=\"text-decoration: underline;\">\u00a0<\/span><\/strong><\/span><\/h3>\n","protected":false},"excerpt":{"rendered":"<p>01.07.2017 &#8211; Rozpocz\u0119cie Odpustu Tuchowskiego 01.07.2017 &#8211; Rozpocz\u0119cie Odpustu Tuchowskiego 15.04.2017 &#8211;\u00a0 Warta przy Grobie Pa\u0144skim. 07.02.2017 &#8211; Zebranie sprawozdawcze. &nbsp; 01.07.2016 &#8211; Rozpocz\u0119cie Odpustu Tuchowskiego. 25.06.2016 &#8211; Gminne zawody sportowo &#8211; po\u017carnicze 2016. 01.06.2016 &#8211; Dzie\u0144 Dziecka w remizie OSP Rzepiennik Biskupi. 20.05.2016 &#8211; Ewakuacja przedszkola. 01.05.2016 &#8211; Uroczysto\u015b\u0107 \u015aw. Floriana. 27.03.2016 &#8211; Rezurekcja. &nbsp; 19.05.2015 &#8211; Wizyta przedszkola. 17.04.2015 &#8211; \u0106wiczenia na budynku w Rzepienniku Strzy\u017cewskim. 13.04.2015 &#8211; Konkurs plastyczny. 14.02.2015 &#8211; Zebranie Sprawozdawcze 2015. \u00a0 &nbsp; 2014 [&hellip;]<\/p>\n","protected":false},"author":3,"featured_media":0,"parent":0,"menu_order":10,"comment_status":"closed","ping_status":"closed","template":"","meta":{"jetpack_post_was_ever_published":false,"footnotes":""},"class_list":["post-370","page","type-page","status-publish","hentry"],"yoast_head":"<!-- This site is optimized with the Yoast SEO plugin v26.7 - https:\/\/yoast.com\/wordpress\/plugins\/seo\/ -->\n<title>Galeria - OSP Rzepiennik Biskupi<\/title>\n<meta name=\"robots\" content=\"index, follow, max-snippet:-1, max-image-preview:large, max-video-preview:-1\" \/>\n<link rel=\"canonical\" href=\"http:\/\/osprzepiennikbiskupi.pl\/wordpress\/galeria\/\" \/>\n<meta property=\"og:locale\" content=\"pl_PL\" \/>\n<meta property=\"og:type\" content=\"article\" \/>\n<meta property=\"og:title\" content=\"Galeria - OSP Rzepiennik Biskupi\" \/>\n<meta property=\"og:description\" content=\"01.07.2017 &#8211; Rozpocz\u0119cie Odpustu Tuchowskiego 01.07.2017 &#8211; Rozpocz\u0119cie Odpustu Tuchowskiego 15.04.2017 &#8211;\u00a0 Warta przy Grobie Pa\u0144skim. 07.02.2017 &#8211; Zebranie sprawozdawcze. &nbsp; 01.07.2016 &#8211; Rozpocz\u0119cie Odpustu Tuchowskiego. 25.06.2016 &#8211; Gminne zawody sportowo &#8211; po\u017carnicze 2016. 01.06.2016 &#8211; Dzie\u0144 Dziecka w remizie OSP Rzepiennik Biskupi. 20.05.2016 &#8211; Ewakuacja przedszkola. 01.05.2016 &#8211; Uroczysto\u015b\u0107 \u015aw. Floriana. 27.03.2016 &#8211; Rezurekcja. &nbsp; 19.05.2015 &#8211; Wizyta przedszkola. 17.04.2015 &#8211; \u0106wiczenia na budynku w Rzepienniku Strzy\u017cewskim. 13.04.2015 &#8211; Konkurs plastyczny. 14.02.2015 &#8211; Zebranie Sprawozdawcze 2015. \u00a0 &nbsp; 2014 [&hellip;]\" \/>\n<meta property=\"og:url\" content=\"http:\/\/osprzepiennikbiskupi.pl\/wordpress\/galeria\/\" \/>\n<meta property=\"og:site_name\" content=\"OSP Rzepiennik Biskupi\" \/>\n<meta property=\"article:modified_time\" content=\"2017-07-08T15:43:02+00:00\" \/>\n<meta name=\"twitter:card\" content=\"summary_large_image\" \/>\n<meta name=\"twitter:label1\" content=\"Szacowany czas czytania\" \/>\n\t<meta name=\"twitter:data1\" content=\"1 minuta\" \/>\n<script type=\"application\/ld+json\" class=\"yoast-schema-graph\">{\"@context\":\"https:\/\/schema.org\",\"@graph\":[{\"@type\":\"WebPage\",\"@id\":\"http:\/\/osprzepiennikbiskupi.pl\/wordpress\/galeria\/\",\"url\":\"http:\/\/osprzepiennikbiskupi.pl\/wordpress\/galeria\/\",\"name\":\"Galeria - OSP Rzepiennik Biskupi\",\"isPartOf\":{\"@id\":\"https:\/\/osprzepiennikbiskupi.pl\/wordpress\/#website\"},\"datePublished\":\"2014-04-22T17:20:54+00:00\",\"dateModified\":\"2017-07-08T15:43:02+00:00\",\"breadcrumb\":{\"@id\":\"http:\/\/osprzepiennikbiskupi.pl\/wordpress\/galeria\/#breadcrumb\"},\"inLanguage\":\"pl-PL\",\"potentialAction\":[{\"@type\":\"ReadAction\",\"target\":[\"http:\/\/osprzepiennikbiskupi.pl\/wordpress\/galeria\/\"]}]},{\"@type\":\"BreadcrumbList\",\"@id\":\"http:\/\/osprzepiennikbiskupi.pl\/wordpress\/galeria\/#breadcrumb\",\"itemListElement\":[{\"@type\":\"ListItem\",\"position\":1,\"name\":\"Strona g\u0142\u00f3wna\",\"item\":\"https:\/\/osprzepiennikbiskupi.pl\/wordpress\/\"},{\"@type\":\"ListItem\",\"position\":2,\"name\":\"Galeria\"}]},{\"@type\":\"WebSite\",\"@id\":\"https:\/\/osprzepiennikbiskupi.pl\/wordpress\/#website\",\"url\":\"https:\/\/osprzepiennikbiskupi.pl\/wordpress\/\",\"name\":\"OSP Rzepiennik Biskupi\",\"description\":\"\",\"potentialAction\":[{\"@type\":\"SearchAction\",\"target\":{\"@type\":\"EntryPoint\",\"urlTemplate\":\"https:\/\/osprzepiennikbiskupi.pl\/wordpress\/?s={search_term_string}\"},\"query-input\":{\"@type\":\"PropertyValueSpecification\",\"valueRequired\":true,\"valueName\":\"search_term_string\"}}],\"inLanguage\":\"pl-PL\"}]}<\/script>\n<!-- \/ Yoast SEO plugin. -->","yoast_head_json":{"title":"Galeria - OSP Rzepiennik Biskupi","robots":{"index":"index","follow":"follow","max-snippet":"max-snippet:-1","max-image-preview":"max-image-preview:large","max-video-preview":"max-video-preview:-1"},"canonical":"http:\/\/osprzepiennikbiskupi.pl\/wordpress\/galeria\/","og_locale":"pl_PL","og_type":"article","og_title":"Galeria - OSP Rzepiennik Biskupi","og_description":"01.07.2017 &#8211; Rozpocz\u0119cie Odpustu Tuchowskiego 01.07.2017 &#8211; Rozpocz\u0119cie Odpustu Tuchowskiego 15.04.2017 &#8211;\u00a0 Warta przy Grobie Pa\u0144skim. 07.02.2017 &#8211; Zebranie sprawozdawcze. &nbsp; 01.07.2016 &#8211; Rozpocz\u0119cie Odpustu Tuchowskiego. 25.06.2016 &#8211; Gminne zawody sportowo &#8211; po\u017carnicze 2016. 01.06.2016 &#8211; Dzie\u0144 Dziecka w remizie OSP Rzepiennik Biskupi. 20.05.2016 &#8211; Ewakuacja przedszkola. 01.05.2016 &#8211; Uroczysto\u015b\u0107 \u015aw. Floriana. 27.03.2016 &#8211; Rezurekcja. &nbsp; 19.05.2015 &#8211; Wizyta przedszkola. 17.04.2015 &#8211; \u0106wiczenia na budynku w Rzepienniku Strzy\u017cewskim. 13.04.2015 &#8211; Konkurs plastyczny. 14.02.2015 &#8211; Zebranie Sprawozdawcze 2015. \u00a0 &nbsp; 2014 [&hellip;]","og_url":"http:\/\/osprzepiennikbiskupi.pl\/wordpress\/galeria\/","og_site_name":"OSP Rzepiennik Biskupi","article_modified_time":"2017-07-08T15:43:02+00:00","twitter_card":"summary_large_image","twitter_misc":{"Szacowany czas czytania":"1 minuta"},"schema":{"@context":"https:\/\/schema.org","@graph":[{"@type":"WebPage","@id":"http:\/\/osprzepiennikbiskupi.pl\/wordpress\/galeria\/","url":"http:\/\/osprzepiennikbiskupi.pl\/wordpress\/galeria\/","name":"Galeria - OSP Rzepiennik Biskupi","isPartOf":{"@id":"https:\/\/osprzepiennikbiskupi.pl\/wordpress\/#website"},"datePublished":"2014-04-22T17:20:54+00:00","dateModified":"2017-07-08T15:43:02+00:00","breadcrumb":{"@id":"http:\/\/osprzepiennikbiskupi.pl\/wordpress\/galeria\/#breadcrumb"},"inLanguage":"pl-PL","potentialAction":[{"@type":"ReadAction","target":["http:\/\/osprzepiennikbiskupi.pl\/wordpress\/galeria\/"]}]},{"@type":"BreadcrumbList","@id":"http:\/\/osprzepiennikbiskupi.pl\/wordpress\/galeria\/#breadcrumb","itemListElement":[{"@type":"ListItem","position":1,"name":"Strona g\u0142\u00f3wna","item":"https:\/\/osprzepiennikbiskupi.pl\/wordpress\/"},{"@type":"ListItem","position":2,"name":"Galeria"}]},{"@type":"WebSite","@id":"https:\/\/osprzepiennikbiskupi.pl\/wordpress\/#website","url":"https:\/\/osprzepiennikbiskupi.pl\/wordpress\/","name":"OSP Rzepiennik Biskupi","description":"","potentialAction":[{"@type":"SearchAction","target":{"@type":"EntryPoint","urlTemplate":"https:\/\/osprzepiennikbiskupi.pl\/wordpress\/?s={search_term_string}"},"query-input":{"@type":"PropertyValueSpecification","valueRequired":true,"valueName":"search_term_string"}}],"inLanguage":"pl-PL"}]}},"jetpack_sharing_enabled":true,"jetpack_shortlink":"https:\/\/wp.me\/P74VFp-5Y","jetpack-related-posts":[{"id":451,"url":"http:\/\/osprzepiennikbiskupi.pl\/wordpress\/galeria\/z-zycia-naszej-jednostki\/","url_meta":{"origin":370,"position":0},"title":"Z \u017bycia Naszej Jednostki","author":"Dawid Stankowski","date":"23 kwietnia 2014","format":false,"excerpt":"Filmik - Prezentacjia","rel":"","context":"Podobny wpis","block_context":{"text":"Podobny wpis","link":""},"img":{"alt_text":"","src":"","width":0,"height":0},"classes":[]}],"_links":{"self":[{"href":"http:\/\/osprzepiennikbiskupi.pl\/wordpress\/wp-json\/wp\/v2\/pages\/370","targetHints":{"allow":["GET"]}}],"collection":[{"href":"http:\/\/osprzepiennikbiskupi.pl\/wordpress\/wp-json\/wp\/v2\/pages"}],"about":[{"href":"http:\/\/osprzepiennikbiskupi.pl\/wordpress\/wp-json\/wp\/v2\/types\/page"}],"author":[{"embeddable":true,"href":"http:\/\/osprzepiennikbiskupi.pl\/wordpress\/wp-json\/wp\/v2\/users\/3"}],"replies":[{"embeddable":true,"href":"http:\/\/osprzepiennikbiskupi.pl\/wordpress\/wp-json\/wp\/v2\/comments?post=370"}],"version-history":[{"count":32,"href":"http:\/\/osprzepiennikbiskupi.pl\/wordpress\/wp-json\/wp\/v2\/pages\/370\/revisions"}],"predecessor-version":[{"id":1254,"href":"http:\/\/osprzepiennikbiskupi.pl\/wordpress\/wp-json\/wp\/v2\/pages\/370\/revisions\/1254"}],"wp:attachment":[{"href":"http:\/\/osprzepiennikbiskupi.pl\/wordpress\/wp-json\/wp\/v2\/media?parent=370"}],"curies":[{"name":"wp","href":"https:\/\/api.w.org\/{rel}","templated":true}]}}