{"id":156,"date":"2013-06-11T17:21:40","date_gmt":"2013-06-11T15:21:40","guid":{"rendered":"http:\/\/osprzepiennikbiskupi.pl\/wordpress\/?page_id=156"},"modified":"2016-04-12T21:39:29","modified_gmt":"2016-04-12T19:39:29","slug":"odeszli","status":"publish","type":"page","link":"http:\/\/osprzepiennikbiskupi.pl\/wordpress\/odeszli\/","title":{"rendered":"Odeszli na wieczn\u0105 s\u0142u\u017cb\u0119"},"content":{"rendered":"<div><\/div>\n<address style=\"text-align: center;\">\u00a0<\/address>\n<h2 style=\"text-align: left;\"><strong><a href=\"https:\/\/i0.wp.com\/osprzepiennikbiskupi.pl\/wordpress\/wp-content\/uploads\/2013\/06\/swieczka_zaduszki2.jpg\"><img data-recalc-dims=\"1\" loading=\"lazy\" decoding=\"async\" data-attachment-id=\"688\" data-permalink=\"http:\/\/osprzepiennikbiskupi.pl\/wordpress\/odeszli\/swieczka_zaduszki2\/\" data-orig-file=\"https:\/\/i0.wp.com\/osprzepiennikbiskupi.pl\/wordpress\/wp-content\/uploads\/2013\/06\/swieczka_zaduszki2.jpg?fit=365%2C254\" data-orig-size=\"365,254\" data-comments-opened=\"0\" data-image-meta=\"{&quot;aperture&quot;:&quot;0&quot;,&quot;credit&quot;:&quot;&quot;,&quot;camera&quot;:&quot;&quot;,&quot;caption&quot;:&quot;&quot;,&quot;created_timestamp&quot;:&quot;0&quot;,&quot;copyright&quot;:&quot;&quot;,&quot;focal_length&quot;:&quot;0&quot;,&quot;iso&quot;:&quot;0&quot;,&quot;shutter_speed&quot;:&quot;0&quot;,&quot;title&quot;:&quot;&quot;}\" data-image-title=\"swieczka_zaduszki2\" data-image-description=\"\" data-image-caption=\"\" data-large-file=\"https:\/\/i0.wp.com\/osprzepiennikbiskupi.pl\/wordpress\/wp-content\/uploads\/2013\/06\/swieczka_zaduszki2.jpg?fit=365%2C254\" class=\"aligncenter size-full wp-image-688\" src=\"https:\/\/i0.wp.com\/osprzepiennikbiskupi.pl\/wordpress\/wp-content\/uploads\/2013\/06\/swieczka_zaduszki2.jpg?resize=365%2C254\" alt=\"swieczka_zaduszki2\" width=\"365\" height=\"254\" srcset=\"https:\/\/i0.wp.com\/osprzepiennikbiskupi.pl\/wordpress\/wp-content\/uploads\/2013\/06\/swieczka_zaduszki2.jpg?w=365 365w, https:\/\/i0.wp.com\/osprzepiennikbiskupi.pl\/wordpress\/wp-content\/uploads\/2013\/06\/swieczka_zaduszki2.jpg?resize=300%2C208 300w\" sizes=\"auto, (max-width: 365px) 100vw, 365px\" \/><\/a>Do \u015bw. Floriana odeszli:<\/strong><\/h2>\n<ul>\n<li style=\"text-align: center;\"><strong>Stanis\u0142aw Serafin,<\/strong><\/li>\n<li style=\"text-align: center;\"><strong>Jan Serafin,<\/strong><\/li>\n<li style=\"text-align: center;\"><strong>Jan Kie\u0142tyka,<\/strong><\/li>\n<li style=\"text-align: center;\"><strong>Feliks Kie\u0142tyka,<\/strong><\/li>\n<li style=\"text-align: center;\"><strong>Piotr G\u0119barowski,<\/strong><\/li>\n<li style=\"text-align: center;\"><strong>Tadeusz\u00a0<\/strong><strong>S\u0142owik,<\/strong><\/li>\n<li style=\"text-align: center;\"><strong>Stanis\u0142aw Guba\u0142a,<\/strong><\/li>\n<li style=\"text-align: center;\"><strong>Kazimierz S\u0142owik,<\/strong><\/li>\n<li style=\"text-align: center;\"><strong>Kazimierz\u00a0<\/strong><strong>G\u0119barowski,<\/strong><\/li>\n<li style=\"text-align: center;\"><strong>Jan G\u0105sior,<\/strong><\/li>\n<li style=\"text-align: center;\"><strong>Kazimierz Kucharzyk,<\/strong><\/li>\n<li style=\"text-align: center;\"><strong>Edward G\u0105sior,<\/strong><\/li>\n<li style=\"text-align: center;\"><strong>Stanis\u0142aw Bartusik,<\/strong><\/li>\n<li style=\"text-align: center;\"><strong>Emil\u00a0<\/strong><strong>G\u0105sior,<\/strong><\/li>\n<li style=\"text-align: center;\"><strong>Stanis\u0142aw Ma\u0142opolski,<\/strong><\/li>\n<li style=\"text-align: center;\"><strong>Tadeusz Osika,<\/strong><\/li>\n<li style=\"text-align: center;\"><strong>Tadeusz\u00a0<\/strong><strong>Basta,<\/strong><\/li>\n<li style=\"text-align: center;\"><strong>Stanis\u0142aw Wojtanowski,<\/strong><\/li>\n<li style=\"text-align: center;\"><strong>J\u00f3zef Kie\u0142tyka,<\/strong><\/li>\n<li style=\"text-align: center;\"><strong>Feliks Serafin,<\/strong><\/li>\n<li style=\"text-align: center;\"><strong>J\u00f3zef G\u0119barowski,<\/strong><\/li>\n<li style=\"text-align: center;\"><strong>Stanis\u0142aw\u00a0<\/strong><strong>Markowicz,<\/strong><\/li>\n<li style=\"text-align: center;\"><strong>Gucwa Stanis\u0142aw,<\/strong><\/li>\n<li style=\"text-align: center;\"><strong>Stanis\u0142aw Bajorek,<\/strong><\/li>\n<li style=\"text-align: center;\"><strong>Adam Osika,<\/strong><\/li>\n<li style=\"text-align: center;\"><strong>Eugeniusz Wiktorek<\/strong><\/li>\n<li style=\"text-align: center;\"><strong>Alfred Firlit<\/strong><\/li>\n<\/ul>\n<p>&nbsp;<\/p>\n","protected":false},"excerpt":{"rendered":"<p>\u00a0 Do \u015bw. Floriana odeszli: Stanis\u0142aw Serafin, Jan Serafin, Jan Kie\u0142tyka, Feliks Kie\u0142tyka, Piotr G\u0119barowski, Tadeusz\u00a0S\u0142owik, Stanis\u0142aw Guba\u0142a, Kazimierz S\u0142owik, Kazimierz\u00a0G\u0119barowski, Jan G\u0105sior, Kazimierz Kucharzyk, Edward G\u0105sior, Stanis\u0142aw Bartusik, Emil\u00a0G\u0105sior, Stanis\u0142aw Ma\u0142opolski, Tadeusz Osika, Tadeusz\u00a0Basta, Stanis\u0142aw Wojtanowski, J\u00f3zef Kie\u0142tyka, Feliks Serafin, J\u00f3zef G\u0119barowski, Stanis\u0142aw\u00a0Markowicz, Gucwa Stanis\u0142aw, Stanis\u0142aw Bajorek, Adam Osika, Eugeniusz Wiktorek Alfred Firlit &nbsp;<\/p>\n","protected":false},"author":3,"featured_media":0,"parent":0,"menu_order":3,"comment_status":"closed","ping_status":"closed","template":"","meta":{"jetpack_post_was_ever_published":false,"footnotes":""},"class_list":["post-156","page","type-page","status-publish","hentry"],"yoast_head":"<!-- This site is optimized with the Yoast SEO plugin v26.7 - https:\/\/yoast.com\/wordpress\/plugins\/seo\/ -->\n<title>Odeszli na wieczn\u0105 s\u0142u\u017cb\u0119 - OSP Rzepiennik Biskupi<\/title>\n<meta name=\"robots\" content=\"index, follow, max-snippet:-1, max-image-preview:large, max-video-preview:-1\" \/>\n<link rel=\"canonical\" href=\"http:\/\/osprzepiennikbiskupi.pl\/wordpress\/odeszli\/\" \/>\n<meta property=\"og:locale\" content=\"pl_PL\" \/>\n<meta property=\"og:type\" content=\"article\" \/>\n<meta property=\"og:title\" content=\"Odeszli na wieczn\u0105 s\u0142u\u017cb\u0119 - OSP Rzepiennik Biskupi\" \/>\n<meta property=\"og:description\" content=\"\u00a0 Do \u015bw. Floriana odeszli: Stanis\u0142aw Serafin, Jan Serafin, Jan Kie\u0142tyka, Feliks Kie\u0142tyka, Piotr G\u0119barowski, Tadeusz\u00a0S\u0142owik, Stanis\u0142aw Guba\u0142a, Kazimierz S\u0142owik, Kazimierz\u00a0G\u0119barowski, Jan G\u0105sior, Kazimierz Kucharzyk, Edward G\u0105sior, Stanis\u0142aw Bartusik, Emil\u00a0G\u0105sior, Stanis\u0142aw Ma\u0142opolski, Tadeusz Osika, Tadeusz\u00a0Basta, Stanis\u0142aw Wojtanowski, J\u00f3zef Kie\u0142tyka, Feliks Serafin, J\u00f3zef G\u0119barowski, Stanis\u0142aw\u00a0Markowicz, Gucwa Stanis\u0142aw, Stanis\u0142aw Bajorek, Adam Osika, Eugeniusz Wiktorek Alfred Firlit &nbsp;\" \/>\n<meta property=\"og:url\" content=\"http:\/\/osprzepiennikbiskupi.pl\/wordpress\/odeszli\/\" \/>\n<meta property=\"og:site_name\" content=\"OSP Rzepiennik Biskupi\" \/>\n<meta property=\"article:modified_time\" content=\"2016-04-12T19:39:29+00:00\" \/>\n<meta property=\"og:image\" content=\"http:\/\/osprzepiennikbiskupi.pl\/wordpress\/wp-content\/uploads\/2013\/06\/swieczka_zaduszki2.jpg\" \/>\n<meta name=\"twitter:card\" content=\"summary_large_image\" \/>\n<script type=\"application\/ld+json\" class=\"yoast-schema-graph\">{\"@context\":\"https:\/\/schema.org\",\"@graph\":[{\"@type\":\"WebPage\",\"@id\":\"http:\/\/osprzepiennikbiskupi.pl\/wordpress\/odeszli\/\",\"url\":\"http:\/\/osprzepiennikbiskupi.pl\/wordpress\/odeszli\/\",\"name\":\"Odeszli na wieczn\u0105 s\u0142u\u017cb\u0119 - OSP Rzepiennik Biskupi\",\"isPartOf\":{\"@id\":\"https:\/\/osprzepiennikbiskupi.pl\/wordpress\/#website\"},\"primaryImageOfPage\":{\"@id\":\"http:\/\/osprzepiennikbiskupi.pl\/wordpress\/odeszli\/#primaryimage\"},\"image\":{\"@id\":\"http:\/\/osprzepiennikbiskupi.pl\/wordpress\/odeszli\/#primaryimage\"},\"thumbnailUrl\":\"http:\/\/osprzepiennikbiskupi.pl\/wordpress\/wp-content\/uploads\/2013\/06\/swieczka_zaduszki2.jpg\",\"datePublished\":\"2013-06-11T15:21:40+00:00\",\"dateModified\":\"2016-04-12T19:39:29+00:00\",\"breadcrumb\":{\"@id\":\"http:\/\/osprzepiennikbiskupi.pl\/wordpress\/odeszli\/#breadcrumb\"},\"inLanguage\":\"pl-PL\",\"potentialAction\":[{\"@type\":\"ReadAction\",\"target\":[\"http:\/\/osprzepiennikbiskupi.pl\/wordpress\/odeszli\/\"]}]},{\"@type\":\"ImageObject\",\"inLanguage\":\"pl-PL\",\"@id\":\"http:\/\/osprzepiennikbiskupi.pl\/wordpress\/odeszli\/#primaryimage\",\"url\":\"https:\/\/i0.wp.com\/osprzepiennikbiskupi.pl\/wordpress\/wp-content\/uploads\/2013\/06\/swieczka_zaduszki2.jpg?fit=365%2C254\",\"contentUrl\":\"https:\/\/i0.wp.com\/osprzepiennikbiskupi.pl\/wordpress\/wp-content\/uploads\/2013\/06\/swieczka_zaduszki2.jpg?fit=365%2C254\",\"width\":365,\"height\":254},{\"@type\":\"BreadcrumbList\",\"@id\":\"http:\/\/osprzepiennikbiskupi.pl\/wordpress\/odeszli\/#breadcrumb\",\"itemListElement\":[{\"@type\":\"ListItem\",\"position\":1,\"name\":\"Strona g\u0142\u00f3wna\",\"item\":\"https:\/\/osprzepiennikbiskupi.pl\/wordpress\/\"},{\"@type\":\"ListItem\",\"position\":2,\"name\":\"Odeszli na wieczn\u0105 s\u0142u\u017cb\u0119\"}]},{\"@type\":\"WebSite\",\"@id\":\"https:\/\/osprzepiennikbiskupi.pl\/wordpress\/#website\",\"url\":\"https:\/\/osprzepiennikbiskupi.pl\/wordpress\/\",\"name\":\"OSP Rzepiennik Biskupi\",\"description\":\"\",\"potentialAction\":[{\"@type\":\"SearchAction\",\"target\":{\"@type\":\"EntryPoint\",\"urlTemplate\":\"https:\/\/osprzepiennikbiskupi.pl\/wordpress\/?s={search_term_string}\"},\"query-input\":{\"@type\":\"PropertyValueSpecification\",\"valueRequired\":true,\"valueName\":\"search_term_string\"}}],\"inLanguage\":\"pl-PL\"}]}<\/script>\n<!-- \/ Yoast SEO plugin. -->","yoast_head_json":{"title":"Odeszli na wieczn\u0105 s\u0142u\u017cb\u0119 - OSP Rzepiennik Biskupi","robots":{"index":"index","follow":"follow","max-snippet":"max-snippet:-1","max-image-preview":"max-image-preview:large","max-video-preview":"max-video-preview:-1"},"canonical":"http:\/\/osprzepiennikbiskupi.pl\/wordpress\/odeszli\/","og_locale":"pl_PL","og_type":"article","og_title":"Odeszli na wieczn\u0105 s\u0142u\u017cb\u0119 - OSP Rzepiennik Biskupi","og_description":"\u00a0 Do \u015bw. Floriana odeszli: Stanis\u0142aw Serafin, Jan Serafin, Jan Kie\u0142tyka, Feliks Kie\u0142tyka, Piotr G\u0119barowski, Tadeusz\u00a0S\u0142owik, Stanis\u0142aw Guba\u0142a, Kazimierz S\u0142owik, Kazimierz\u00a0G\u0119barowski, Jan G\u0105sior, Kazimierz Kucharzyk, Edward G\u0105sior, Stanis\u0142aw Bartusik, Emil\u00a0G\u0105sior, Stanis\u0142aw Ma\u0142opolski, Tadeusz Osika, Tadeusz\u00a0Basta, Stanis\u0142aw Wojtanowski, J\u00f3zef Kie\u0142tyka, Feliks Serafin, J\u00f3zef G\u0119barowski, Stanis\u0142aw\u00a0Markowicz, Gucwa Stanis\u0142aw, Stanis\u0142aw Bajorek, Adam Osika, Eugeniusz Wiktorek Alfred Firlit &nbsp;","og_url":"http:\/\/osprzepiennikbiskupi.pl\/wordpress\/odeszli\/","og_site_name":"OSP Rzepiennik Biskupi","article_modified_time":"2016-04-12T19:39:29+00:00","og_image":[{"url":"http:\/\/osprzepiennikbiskupi.pl\/wordpress\/wp-content\/uploads\/2013\/06\/swieczka_zaduszki2.jpg","type":"","width":"","height":""}],"twitter_card":"summary_large_image","schema":{"@context":"https:\/\/schema.org","@graph":[{"@type":"WebPage","@id":"http:\/\/osprzepiennikbiskupi.pl\/wordpress\/odeszli\/","url":"http:\/\/osprzepiennikbiskupi.pl\/wordpress\/odeszli\/","name":"Odeszli na wieczn\u0105 s\u0142u\u017cb\u0119 - OSP Rzepiennik Biskupi","isPartOf":{"@id":"https:\/\/osprzepiennikbiskupi.pl\/wordpress\/#website"},"primaryImageOfPage":{"@id":"http:\/\/osprzepiennikbiskupi.pl\/wordpress\/odeszli\/#primaryimage"},"image":{"@id":"http:\/\/osprzepiennikbiskupi.pl\/wordpress\/odeszli\/#primaryimage"},"thumbnailUrl":"http:\/\/osprzepiennikbiskupi.pl\/wordpress\/wp-content\/uploads\/2013\/06\/swieczka_zaduszki2.jpg","datePublished":"2013-06-11T15:21:40+00:00","dateModified":"2016-04-12T19:39:29+00:00","breadcrumb":{"@id":"http:\/\/osprzepiennikbiskupi.pl\/wordpress\/odeszli\/#breadcrumb"},"inLanguage":"pl-PL","potentialAction":[{"@type":"ReadAction","target":["http:\/\/osprzepiennikbiskupi.pl\/wordpress\/odeszli\/"]}]},{"@type":"ImageObject","inLanguage":"pl-PL","@id":"http:\/\/osprzepiennikbiskupi.pl\/wordpress\/odeszli\/#primaryimage","url":"https:\/\/i0.wp.com\/osprzepiennikbiskupi.pl\/wordpress\/wp-content\/uploads\/2013\/06\/swieczka_zaduszki2.jpg?fit=365%2C254","contentUrl":"https:\/\/i0.wp.com\/osprzepiennikbiskupi.pl\/wordpress\/wp-content\/uploads\/2013\/06\/swieczka_zaduszki2.jpg?fit=365%2C254","width":365,"height":254},{"@type":"BreadcrumbList","@id":"http:\/\/osprzepiennikbiskupi.pl\/wordpress\/odeszli\/#breadcrumb","itemListElement":[{"@type":"ListItem","position":1,"name":"Strona g\u0142\u00f3wna","item":"https:\/\/osprzepiennikbiskupi.pl\/wordpress\/"},{"@type":"ListItem","position":2,"name":"Odeszli na wieczn\u0105 s\u0142u\u017cb\u0119"}]},{"@type":"WebSite","@id":"https:\/\/osprzepiennikbiskupi.pl\/wordpress\/#website","url":"https:\/\/osprzepiennikbiskupi.pl\/wordpress\/","name":"OSP Rzepiennik Biskupi","description":"","potentialAction":[{"@type":"SearchAction","target":{"@type":"EntryPoint","urlTemplate":"https:\/\/osprzepiennikbiskupi.pl\/wordpress\/?s={search_term_string}"},"query-input":{"@type":"PropertyValueSpecification","valueRequired":true,"valueName":"search_term_string"}}],"inLanguage":"pl-PL"}]}},"jetpack_sharing_enabled":true,"jetpack_shortlink":"https:\/\/wp.me\/P74VFp-2w","jetpack-related-posts":[{"id":1189,"url":"http:\/\/osprzepiennikbiskupi.pl\/wordpress\/spisczlonkow\/","url_meta":{"origin":156,"position":0},"title":"Cz\u0142onkowie","author":"Dawid Stankowski","date":"6 kwietnia 2016","format":false,"excerpt":"Obecnie w stra\u017cy jest 35 cz\u0142onk\u00f3w. \u00a0 Oraz o\u015bmiu honorowych: \u00a0 Eugeniusz Kie\u0142tyka, Eugeniusz Hadalski, Lucjan G\u0105sior, Kazimierz Kie\u0142tyka, Stanis\u0142aw Wal, Wies\u0142aw Fudala, Wies\u0142aw Witek, Zdzis\u0142aw Kie\u0142tyka,","rel":"","context":"Podobny wpis","block_context":{"text":"Podobny wpis","link":""},"img":{"alt_text":"","src":"","width":0,"height":0},"classes":[]},{"id":13,"url":"http:\/\/osprzepiennikbiskupi.pl\/wordpress\/wyroznienia\/","url_meta":{"origin":156,"position":1},"title":"Wyr\u00f3\u017cnienia","author":"Dawid Stankowski","date":"8 grudnia 2012","format":false,"excerpt":"Najbardziej zas\u0142u\u017ceni druhowie zostali uhonorowani odznakami \"Za Wys\u0142ug\u0119 Lat\": Alfred Firlit - 55 lat, Eugeniusz Kie\u0142tyka - 45 lat, Zdzis\u0142aw Kie\u0142tyka - 45 lat, Witek Wies\u0142aw - 40 lat, Bronis\u0142aw Bajorek - 30 lat, Ryszard Firlit - 30 lat, Stanis\u0142aw Wal - 30 lat, Tadeusz Firlit - 25 lat, Zdzis\u0142aw\u2026","rel":"","context":"Podobny wpis","block_context":{"text":"Podobny wpis","link":""},"img":{"alt_text":"DSC00260","src":"https:\/\/i0.wp.com\/osprzepiennikbiskupi.pl\/wordpress\/wp-content\/uploads\/2012\/12\/DSC00260-1024x681.jpg?resize=350%2C200","width":350,"height":200,"srcset":"https:\/\/i0.wp.com\/osprzepiennikbiskupi.pl\/wordpress\/wp-content\/uploads\/2012\/12\/DSC00260-1024x681.jpg?resize=350%2C200 1x, https:\/\/i0.wp.com\/osprzepiennikbiskupi.pl\/wordpress\/wp-content\/uploads\/2012\/12\/DSC00260-1024x681.jpg?resize=525%2C300 1.5x"},"classes":[]},{"id":20,"url":"http:\/\/osprzepiennikbiskupi.pl\/wordpress\/","url_meta":{"origin":156,"position":2},"title":"Strona G\u0142\u00f3wna","author":"Dawid Stankowski","date":"9 czerwca 2013","format":false,"excerpt":"Ochotnicza Stra\u017c Po\u017carna w Rzepienniku Biskupim . Rok powstania: 1960\u00a0 \u00a0 \u00a0 \u00a0 \u00a0 Zarz\u0105d: \u00a0 \u00a0 \u00a0 \u00a0Prezes: \u00a0 \u00a0 \u00a0 \u00a0 \u00a0 \u00a0 \u00a0 \u00a0 \u00a0 \u00a0 \u00a0 \u00a0 \u00a0 \u00a0 \u00a0 \u00a0 Kie\u0142tyka \u0141ukasz \u00a0 \u00a0 \u00a0Wiceprezes: \u00a0 \u00a0 \u00a0 \u00a0 \u00a0 \u00a0 \u00a0 \u00a0 \u00a0 \u00a0\u2026","rel":"","context":"Podobny wpis","block_context":{"text":"Podobny wpis","link":""},"img":{"alt_text":"","src":"https:\/\/i0.wp.com\/osprzepiennikbiskupi.pl\/wordpress\/wp-content\/uploads\/2013\/06\/DSC06794.jpg?resize=350%2C200","width":350,"height":200,"srcset":"https:\/\/i0.wp.com\/osprzepiennikbiskupi.pl\/wordpress\/wp-content\/uploads\/2013\/06\/DSC06794.jpg?resize=350%2C200 1x, https:\/\/i0.wp.com\/osprzepiennikbiskupi.pl\/wordpress\/wp-content\/uploads\/2013\/06\/DSC06794.jpg?resize=525%2C300 1.5x, https:\/\/i0.wp.com\/osprzepiennikbiskupi.pl\/wordpress\/wp-content\/uploads\/2013\/06\/DSC06794.jpg?resize=700%2C400 2x, https:\/\/i0.wp.com\/osprzepiennikbiskupi.pl\/wordpress\/wp-content\/uploads\/2013\/06\/DSC06794.jpg?resize=1050%2C600 3x, https:\/\/i0.wp.com\/osprzepiennikbiskupi.pl\/wordpress\/wp-content\/uploads\/2013\/06\/DSC06794.jpg?resize=1400%2C800 4x"},"classes":[]},{"id":1122,"url":"http:\/\/osprzepiennikbiskupi.pl\/wordpress\/jot\/","url_meta":{"origin":156,"position":3},"title":"JOT","author":"Dawid Stankowski","date":"31 stycznia 2016","format":false,"excerpt":"Jednostka Operacyjno \u2013 Techniczna (JOT) - to grupa stra\u017cak\u00f3w mog\u0105cych bra\u0107 udzia\u0142 w dzia\u0142aniach ratowniczo - ga\u015bniczych. Wymagania dla JOT to: wiek od 18 do 65 lat, aktualne badania lekarskie dopuszczaj\u0105ce do brania udzia\u0142u w dzia\u0142aniach ratowniczo - ga\u015bniczych, wyszkolenie przynajmniej stopnia podstawowego, \u00a0 Cz\u0142onkowie JOT w OSP Rzepiennik Biskupi:\u2026","rel":"","context":"Podobny wpis","block_context":{"text":"Podobny wpis","link":""},"img":{"alt_text":"","src":"","width":0,"height":0},"classes":[]}],"_links":{"self":[{"href":"http:\/\/osprzepiennikbiskupi.pl\/wordpress\/wp-json\/wp\/v2\/pages\/156","targetHints":{"allow":["GET"]}}],"collection":[{"href":"http:\/\/osprzepiennikbiskupi.pl\/wordpress\/wp-json\/wp\/v2\/pages"}],"about":[{"href":"http:\/\/osprzepiennikbiskupi.pl\/wordpress\/wp-json\/wp\/v2\/types\/page"}],"author":[{"embeddable":true,"href":"http:\/\/osprzepiennikbiskupi.pl\/wordpress\/wp-json\/wp\/v2\/users\/3"}],"replies":[{"embeddable":true,"href":"http:\/\/osprzepiennikbiskupi.pl\/wordpress\/wp-json\/wp\/v2\/comments?post=156"}],"version-history":[{"count":12,"href":"http:\/\/osprzepiennikbiskupi.pl\/wordpress\/wp-json\/wp\/v2\/pages\/156\/revisions"}],"predecessor-version":[{"id":1205,"href":"http:\/\/osprzepiennikbiskupi.pl\/wordpress\/wp-json\/wp\/v2\/pages\/156\/revisions\/1205"}],"wp:attachment":[{"href":"http:\/\/osprzepiennikbiskupi.pl\/wordpress\/wp-json\/wp\/v2\/media?parent=156"}],"curies":[{"name":"wp","href":"https:\/\/api.w.org\/{rel}","templated":true}]}}