{"id":13,"date":"2012-12-08T23:06:33","date_gmt":"2012-12-08T22:06:33","guid":{"rendered":"http:\/\/osprzepiennikbiskupi.pl\/wordpress\/?page_id=13"},"modified":"2015-12-30T21:08:38","modified_gmt":"2015-12-30T20:08:38","slug":"wyroznienia","status":"publish","type":"page","link":"http:\/\/osprzepiennikbiskupi.pl\/wordpress\/wyroznienia\/","title":{"rendered":"Wyr\u00f3\u017cnienia"},"content":{"rendered":"<div style=\"text-align: center;\">\n<h2><strong>Najbardziej zas\u0142u\u017ceni druhowie zostali uhonorowani odznakami<\/strong><strong><br \/>\n&#8222;<span style=\"color: #ff0000;\">Za Wys\u0142ug\u0119 Lat<\/span>&#8222;:<\/strong><\/h2>\n<ul>\n<li style=\"text-align: left;\"><strong>Alfred Firlit &#8211; 55 lat,<\/strong><\/li>\n<li style=\"text-align: left;\"><strong>Eugeniusz Kie\u0142tyka &#8211; 45 lat,<\/strong><\/li>\n<li style=\"text-align: left;\"><strong>Zdzis\u0142aw Kie\u0142tyka &#8211; 45 lat,<\/strong><\/li>\n<li style=\"text-align: left;\"><strong>Witek Wies\u0142aw &#8211; 40 lat,<\/strong><\/li>\n<li style=\"text-align: left;\"><strong>Bronis\u0142aw Bajorek &#8211; 30 lat,<\/strong><\/li>\n<li style=\"text-align: left;\"><strong>Ryszard Firlit &#8211; 30 lat,<\/strong><\/li>\n<li style=\"text-align: left;\"><strong>Stanis\u0142aw Wal &#8211; 30 lat,<\/strong><\/li>\n<li style=\"text-align: left;\"><strong>Tadeusz Firlit &#8211; 25 lat,<\/strong><\/li>\n<li style=\"text-align: left;\"><strong>Zdzis\u0142aw Serafin &#8211; 25 lat,<\/strong><\/li>\n<li style=\"text-align: left;\"><strong>Wies\u0142aw Fudala &#8211; 25 lat,<\/strong><\/li>\n<li style=\"text-align: left;\"><strong>Piotr Kopek &#8211; 20 lat,<\/strong><\/li>\n<li style=\"text-align: left;\"><strong>Artur G\u0105sior &#8211; 20 lat,<\/strong><\/li>\n<li style=\"text-align: left;\"><strong>Miros\u0142aw G\u0105sior &#8211; 20 lat,<\/strong><\/li>\n<li style=\"text-align: left;\"><strong>\u0141ukasz Kie\u0142tyka &#8211; 15 lat,<\/strong><\/li>\n<li style=\"text-align: left;\"><strong>Piotr Wiktorek &#8211; 10 lat<\/strong><\/li>\n<\/ul>\n<div>\n<p><a href=\"https:\/\/i0.wp.com\/osprzepiennikbiskupi.pl\/wordpress\/wp-content\/uploads\/2012\/12\/DSC00260.jpg\"><img data-recalc-dims=\"1\" loading=\"lazy\" decoding=\"async\" data-attachment-id=\"261\" data-permalink=\"http:\/\/osprzepiennikbiskupi.pl\/wordpress\/wyroznienia\/dsc00260\/\" data-orig-file=\"https:\/\/i0.wp.com\/osprzepiennikbiskupi.pl\/wordpress\/wp-content\/uploads\/2012\/12\/DSC00260.jpg?fit=2728%2C1816\" data-orig-size=\"2728,1816\" data-comments-opened=\"0\" data-image-meta=\"{&quot;aperture&quot;:&quot;4.5&quot;,&quot;credit&quot;:&quot;&quot;,&quot;camera&quot;:&quot;SLT-A58&quot;,&quot;caption&quot;:&quot;&quot;,&quot;created_timestamp&quot;:&quot;1392478692&quot;,&quot;copyright&quot;:&quot;&quot;,&quot;focal_length&quot;:&quot;35&quot;,&quot;iso&quot;:&quot;800&quot;,&quot;shutter_speed&quot;:&quot;0.016666666666667&quot;,&quot;title&quot;:&quot;&quot;}\" data-image-title=\"DSC00260\" data-image-description=\"\" data-image-caption=\"\" data-large-file=\"https:\/\/i0.wp.com\/osprzepiennikbiskupi.pl\/wordpress\/wp-content\/uploads\/2012\/12\/DSC00260.jpg?fit=1024%2C681\" class=\"aligncenter size-large wp-image-261\" src=\"https:\/\/i0.wp.com\/osprzepiennikbiskupi.pl\/wordpress\/wp-content\/uploads\/2012\/12\/DSC00260.jpg?resize=640%2C425\" alt=\"DSC00260\" width=\"640\" height=\"425\" srcset=\"https:\/\/i0.wp.com\/osprzepiennikbiskupi.pl\/wordpress\/wp-content\/uploads\/2012\/12\/DSC00260.jpg?resize=1024%2C681 1024w, https:\/\/i0.wp.com\/osprzepiennikbiskupi.pl\/wordpress\/wp-content\/uploads\/2012\/12\/DSC00260.jpg?resize=300%2C199 300w, https:\/\/i0.wp.com\/osprzepiennikbiskupi.pl\/wordpress\/wp-content\/uploads\/2012\/12\/DSC00260.jpg?w=2340 2340w\" sizes=\"auto, (max-width: 640px) 100vw, 640px\" \/><\/a><a href=\"https:\/\/i0.wp.com\/osprzepiennikbiskupi.pl\/wordpress\/wp-content\/uploads\/2012\/12\/DSC00269.jpg\"><img data-recalc-dims=\"1\" loading=\"lazy\" decoding=\"async\" data-attachment-id=\"264\" data-permalink=\"http:\/\/osprzepiennikbiskupi.pl\/wordpress\/wyroznienia\/dsc00269\/\" data-orig-file=\"https:\/\/i0.wp.com\/osprzepiennikbiskupi.pl\/wordpress\/wp-content\/uploads\/2012\/12\/DSC00269.jpg?fit=5456%2C3632\" data-orig-size=\"5456,3632\" data-comments-opened=\"0\" data-image-meta=\"{&quot;aperture&quot;:&quot;4&quot;,&quot;credit&quot;:&quot;&quot;,&quot;camera&quot;:&quot;SLT-A58&quot;,&quot;caption&quot;:&quot;&quot;,&quot;created_timestamp&quot;:&quot;1392478792&quot;,&quot;copyright&quot;:&quot;&quot;,&quot;focal_length&quot;:&quot;22&quot;,&quot;iso&quot;:&quot;250&quot;,&quot;shutter_speed&quot;:&quot;0.016666666666667&quot;,&quot;title&quot;:&quot;&quot;}\" data-image-title=\"DSC00269\" data-image-description=\"\" data-image-caption=\"\" data-large-file=\"https:\/\/i0.wp.com\/osprzepiennikbiskupi.pl\/wordpress\/wp-content\/uploads\/2012\/12\/DSC00269.jpg?fit=1024%2C681\" class=\"wp-image-264 size-thumbnail alignright\" src=\"https:\/\/i0.wp.com\/osprzepiennikbiskupi.pl\/wordpress\/wp-content\/uploads\/2012\/12\/DSC00269.jpg?resize=150%2C150\" alt=\"DSC00269\" width=\"150\" height=\"150\" srcset=\"https:\/\/i0.wp.com\/osprzepiennikbiskupi.pl\/wordpress\/wp-content\/uploads\/2012\/12\/DSC00269.jpg?resize=150%2C150 150w, https:\/\/i0.wp.com\/osprzepiennikbiskupi.pl\/wordpress\/wp-content\/uploads\/2012\/12\/DSC00269.jpg?zoom=2&amp;resize=150%2C150 300w, https:\/\/i0.wp.com\/osprzepiennikbiskupi.pl\/wordpress\/wp-content\/uploads\/2012\/12\/DSC00269.jpg?zoom=3&amp;resize=150%2C150 450w\" sizes=\"auto, (max-width: 150px) 100vw, 150px\" \/><\/a><a href=\"https:\/\/i0.wp.com\/osprzepiennikbiskupi.pl\/wordpress\/wp-content\/uploads\/2012\/12\/DSC00260.jpg\" rel=\"attachment wp-att-261\"><img data-recalc-dims=\"1\" loading=\"lazy\" decoding=\"async\" data-attachment-id=\"261\" data-permalink=\"http:\/\/osprzepiennikbiskupi.pl\/wordpress\/wyroznienia\/dsc00260\/\" data-orig-file=\"https:\/\/i0.wp.com\/osprzepiennikbiskupi.pl\/wordpress\/wp-content\/uploads\/2012\/12\/DSC00260.jpg?fit=2728%2C1816\" data-orig-size=\"2728,1816\" data-comments-opened=\"0\" data-image-meta=\"{&quot;aperture&quot;:&quot;4.5&quot;,&quot;credit&quot;:&quot;&quot;,&quot;camera&quot;:&quot;SLT-A58&quot;,&quot;caption&quot;:&quot;&quot;,&quot;created_timestamp&quot;:&quot;1392478692&quot;,&quot;copyright&quot;:&quot;&quot;,&quot;focal_length&quot;:&quot;35&quot;,&quot;iso&quot;:&quot;800&quot;,&quot;shutter_speed&quot;:&quot;0.016666666666667&quot;,&quot;title&quot;:&quot;&quot;}\" data-image-title=\"DSC00260\" data-image-description=\"\" data-image-caption=\"\" data-large-file=\"https:\/\/i0.wp.com\/osprzepiennikbiskupi.pl\/wordpress\/wp-content\/uploads\/2012\/12\/DSC00260.jpg?fit=1024%2C681\" class=\"alignnone wp-image-261 size-thumbnail\" src=\"https:\/\/i0.wp.com\/osprzepiennikbiskupi.pl\/wordpress\/wp-content\/uploads\/2012\/12\/DSC00260.jpg?resize=150%2C150\" alt=\"DSC00260\" width=\"150\" height=\"150\" srcset=\"https:\/\/i0.wp.com\/osprzepiennikbiskupi.pl\/wordpress\/wp-content\/uploads\/2012\/12\/DSC00260.jpg?resize=150%2C150 150w, https:\/\/i0.wp.com\/osprzepiennikbiskupi.pl\/wordpress\/wp-content\/uploads\/2012\/12\/DSC00260.jpg?zoom=2&amp;resize=150%2C150 300w, https:\/\/i0.wp.com\/osprzepiennikbiskupi.pl\/wordpress\/wp-content\/uploads\/2012\/12\/DSC00260.jpg?zoom=3&amp;resize=150%2C150 450w\" sizes=\"auto, (max-width: 150px) 100vw, 150px\" \/><\/a><a href=\"https:\/\/i0.wp.com\/osprzepiennikbiskupi.pl\/wordpress\/wp-content\/uploads\/2012\/12\/DSC00284.jpg\" rel=\"attachment wp-att-266\"><img data-recalc-dims=\"1\" loading=\"lazy\" decoding=\"async\" data-attachment-id=\"266\" data-permalink=\"http:\/\/osprzepiennikbiskupi.pl\/wordpress\/wyroznienia\/dsc00284\/\" data-orig-file=\"https:\/\/i0.wp.com\/osprzepiennikbiskupi.pl\/wordpress\/wp-content\/uploads\/2012\/12\/DSC00284.jpg?fit=5456%2C3632\" data-orig-size=\"5456,3632\" data-comments-opened=\"0\" data-image-meta=\"{&quot;aperture&quot;:&quot;4&quot;,&quot;credit&quot;:&quot;&quot;,&quot;camera&quot;:&quot;SLT-A58&quot;,&quot;caption&quot;:&quot;&quot;,&quot;created_timestamp&quot;:&quot;1392478938&quot;,&quot;copyright&quot;:&quot;&quot;,&quot;focal_length&quot;:&quot;18&quot;,&quot;iso&quot;:&quot;400&quot;,&quot;shutter_speed&quot;:&quot;0.016666666666667&quot;,&quot;title&quot;:&quot;&quot;}\" data-image-title=\"DSC00284\" data-image-description=\"\" data-image-caption=\"\" data-large-file=\"https:\/\/i0.wp.com\/osprzepiennikbiskupi.pl\/wordpress\/wp-content\/uploads\/2012\/12\/DSC00284.jpg?fit=1024%2C681\" class=\"alignleft wp-image-266 size-thumbnail\" src=\"https:\/\/i0.wp.com\/osprzepiennikbiskupi.pl\/wordpress\/wp-content\/uploads\/2012\/12\/DSC00284.jpg?resize=150%2C150\" alt=\"DSC00284\" width=\"150\" height=\"150\" srcset=\"https:\/\/i0.wp.com\/osprzepiennikbiskupi.pl\/wordpress\/wp-content\/uploads\/2012\/12\/DSC00284.jpg?resize=150%2C150 150w, https:\/\/i0.wp.com\/osprzepiennikbiskupi.pl\/wordpress\/wp-content\/uploads\/2012\/12\/DSC00284.jpg?zoom=2&amp;resize=150%2C150 300w, https:\/\/i0.wp.com\/osprzepiennikbiskupi.pl\/wordpress\/wp-content\/uploads\/2012\/12\/DSC00284.jpg?zoom=3&amp;resize=150%2C150 450w\" sizes=\"auto, (max-width: 150px) 100vw, 150px\" \/><\/a><\/p>\n<\/div>\n<\/div>\n","protected":false},"excerpt":{"rendered":"<p>Najbardziej zas\u0142u\u017ceni druhowie zostali uhonorowani odznakami &#8222;Za Wys\u0142ug\u0119 Lat&#8222;: Alfred Firlit &#8211; 55 lat, Eugeniusz Kie\u0142tyka &#8211; 45 lat, Zdzis\u0142aw Kie\u0142tyka &#8211; 45 lat, Witek Wies\u0142aw &#8211; 40 lat, Bronis\u0142aw Bajorek &#8211; 30 lat, Ryszard Firlit &#8211; 30 lat, Stanis\u0142aw Wal &#8211; 30 lat, Tadeusz Firlit &#8211; 25 lat, Zdzis\u0142aw Serafin &#8211; 25 lat, Wies\u0142aw Fudala &#8211; 25 lat, Piotr Kopek &#8211; 20 lat, Artur G\u0105sior &#8211; 20 lat, Miros\u0142aw G\u0105sior &#8211; 20 lat, \u0141ukasz Kie\u0142tyka &#8211; 15 lat, Piotr [&hellip;]<\/p>\n","protected":false},"author":3,"featured_media":0,"parent":0,"menu_order":2,"comment_status":"closed","ping_status":"closed","template":"","meta":{"jetpack_post_was_ever_published":false,"footnotes":""},"class_list":["post-13","page","type-page","status-publish","hentry"],"yoast_head":"<!-- This site is optimized with the Yoast SEO plugin v26.7 - https:\/\/yoast.com\/wordpress\/plugins\/seo\/ -->\n<title>Wyr\u00f3\u017cnienia - OSP Rzepiennik Biskupi<\/title>\n<meta name=\"robots\" content=\"index, follow, max-snippet:-1, max-image-preview:large, max-video-preview:-1\" \/>\n<link rel=\"canonical\" href=\"http:\/\/osprzepiennikbiskupi.pl\/wordpress\/wyroznienia\/\" \/>\n<meta property=\"og:locale\" content=\"pl_PL\" \/>\n<meta property=\"og:type\" content=\"article\" \/>\n<meta property=\"og:title\" content=\"Wyr\u00f3\u017cnienia - OSP Rzepiennik Biskupi\" \/>\n<meta property=\"og:description\" content=\"Najbardziej zas\u0142u\u017ceni druhowie zostali uhonorowani odznakami &#8222;Za Wys\u0142ug\u0119 Lat&#8222;: Alfred Firlit &#8211; 55 lat, Eugeniusz Kie\u0142tyka &#8211; 45 lat, Zdzis\u0142aw Kie\u0142tyka &#8211; 45 lat, Witek Wies\u0142aw &#8211; 40 lat, Bronis\u0142aw Bajorek &#8211; 30 lat, Ryszard Firlit &#8211; 30 lat, Stanis\u0142aw Wal &#8211; 30 lat, Tadeusz Firlit &#8211; 25 lat, Zdzis\u0142aw Serafin &#8211; 25 lat, Wies\u0142aw Fudala &#8211; 25 lat, Piotr Kopek &#8211; 20 lat, Artur G\u0105sior &#8211; 20 lat, Miros\u0142aw G\u0105sior &#8211; 20 lat, \u0141ukasz Kie\u0142tyka &#8211; 15 lat, Piotr [&hellip;]\" \/>\n<meta property=\"og:url\" content=\"http:\/\/osprzepiennikbiskupi.pl\/wordpress\/wyroznienia\/\" \/>\n<meta property=\"og:site_name\" content=\"OSP Rzepiennik Biskupi\" \/>\n<meta property=\"article:modified_time\" content=\"2015-12-30T20:08:38+00:00\" \/>\n<meta property=\"og:image\" content=\"http:\/\/osprzepiennikbiskupi.pl\/wordpress\/wp-content\/uploads\/2012\/12\/DSC00260-1024x681.jpg\" \/>\n<meta name=\"twitter:card\" content=\"summary_large_image\" \/>\n<script type=\"application\/ld+json\" class=\"yoast-schema-graph\">{\"@context\":\"https:\/\/schema.org\",\"@graph\":[{\"@type\":\"WebPage\",\"@id\":\"http:\/\/osprzepiennikbiskupi.pl\/wordpress\/wyroznienia\/\",\"url\":\"http:\/\/osprzepiennikbiskupi.pl\/wordpress\/wyroznienia\/\",\"name\":\"Wyr\u00f3\u017cnienia - OSP Rzepiennik Biskupi\",\"isPartOf\":{\"@id\":\"https:\/\/osprzepiennikbiskupi.pl\/wordpress\/#website\"},\"primaryImageOfPage\":{\"@id\":\"http:\/\/osprzepiennikbiskupi.pl\/wordpress\/wyroznienia\/#primaryimage\"},\"image\":{\"@id\":\"http:\/\/osprzepiennikbiskupi.pl\/wordpress\/wyroznienia\/#primaryimage\"},\"thumbnailUrl\":\"http:\/\/osprzepiennikbiskupi.pl\/wordpress\/wp-content\/uploads\/2012\/12\/DSC00260-1024x681.jpg\",\"datePublished\":\"2012-12-08T22:06:33+00:00\",\"dateModified\":\"2015-12-30T20:08:38+00:00\",\"breadcrumb\":{\"@id\":\"http:\/\/osprzepiennikbiskupi.pl\/wordpress\/wyroznienia\/#breadcrumb\"},\"inLanguage\":\"pl-PL\",\"potentialAction\":[{\"@type\":\"ReadAction\",\"target\":[\"http:\/\/osprzepiennikbiskupi.pl\/wordpress\/wyroznienia\/\"]}]},{\"@type\":\"ImageObject\",\"inLanguage\":\"pl-PL\",\"@id\":\"http:\/\/osprzepiennikbiskupi.pl\/wordpress\/wyroznienia\/#primaryimage\",\"url\":\"https:\/\/i0.wp.com\/osprzepiennikbiskupi.pl\/wordpress\/wp-content\/uploads\/2012\/12\/DSC00260.jpg?fit=2728%2C1816\",\"contentUrl\":\"https:\/\/i0.wp.com\/osprzepiennikbiskupi.pl\/wordpress\/wp-content\/uploads\/2012\/12\/DSC00260.jpg?fit=2728%2C1816\",\"width\":2728,\"height\":1816},{\"@type\":\"BreadcrumbList\",\"@id\":\"http:\/\/osprzepiennikbiskupi.pl\/wordpress\/wyroznienia\/#breadcrumb\",\"itemListElement\":[{\"@type\":\"ListItem\",\"position\":1,\"name\":\"Strona g\u0142\u00f3wna\",\"item\":\"https:\/\/osprzepiennikbiskupi.pl\/wordpress\/\"},{\"@type\":\"ListItem\",\"position\":2,\"name\":\"Wyr\u00f3\u017cnienia\"}]},{\"@type\":\"WebSite\",\"@id\":\"https:\/\/osprzepiennikbiskupi.pl\/wordpress\/#website\",\"url\":\"https:\/\/osprzepiennikbiskupi.pl\/wordpress\/\",\"name\":\"OSP Rzepiennik Biskupi\",\"description\":\"\",\"potentialAction\":[{\"@type\":\"SearchAction\",\"target\":{\"@type\":\"EntryPoint\",\"urlTemplate\":\"https:\/\/osprzepiennikbiskupi.pl\/wordpress\/?s={search_term_string}\"},\"query-input\":{\"@type\":\"PropertyValueSpecification\",\"valueRequired\":true,\"valueName\":\"search_term_string\"}}],\"inLanguage\":\"pl-PL\"}]}<\/script>\n<!-- \/ Yoast SEO plugin. -->","yoast_head_json":{"title":"Wyr\u00f3\u017cnienia - OSP Rzepiennik Biskupi","robots":{"index":"index","follow":"follow","max-snippet":"max-snippet:-1","max-image-preview":"max-image-preview:large","max-video-preview":"max-video-preview:-1"},"canonical":"http:\/\/osprzepiennikbiskupi.pl\/wordpress\/wyroznienia\/","og_locale":"pl_PL","og_type":"article","og_title":"Wyr\u00f3\u017cnienia - OSP Rzepiennik Biskupi","og_description":"Najbardziej zas\u0142u\u017ceni druhowie zostali uhonorowani odznakami &#8222;Za Wys\u0142ug\u0119 Lat&#8222;: Alfred Firlit &#8211; 55 lat, Eugeniusz Kie\u0142tyka &#8211; 45 lat, Zdzis\u0142aw Kie\u0142tyka &#8211; 45 lat, Witek Wies\u0142aw &#8211; 40 lat, Bronis\u0142aw Bajorek &#8211; 30 lat, Ryszard Firlit &#8211; 30 lat, Stanis\u0142aw Wal &#8211; 30 lat, Tadeusz Firlit &#8211; 25 lat, Zdzis\u0142aw Serafin &#8211; 25 lat, Wies\u0142aw Fudala &#8211; 25 lat, Piotr Kopek &#8211; 20 lat, Artur G\u0105sior &#8211; 20 lat, Miros\u0142aw G\u0105sior &#8211; 20 lat, \u0141ukasz Kie\u0142tyka &#8211; 15 lat, Piotr [&hellip;]","og_url":"http:\/\/osprzepiennikbiskupi.pl\/wordpress\/wyroznienia\/","og_site_name":"OSP Rzepiennik Biskupi","article_modified_time":"2015-12-30T20:08:38+00:00","og_image":[{"url":"http:\/\/osprzepiennikbiskupi.pl\/wordpress\/wp-content\/uploads\/2012\/12\/DSC00260-1024x681.jpg","type":"","width":"","height":""}],"twitter_card":"summary_large_image","schema":{"@context":"https:\/\/schema.org","@graph":[{"@type":"WebPage","@id":"http:\/\/osprzepiennikbiskupi.pl\/wordpress\/wyroznienia\/","url":"http:\/\/osprzepiennikbiskupi.pl\/wordpress\/wyroznienia\/","name":"Wyr\u00f3\u017cnienia - OSP Rzepiennik Biskupi","isPartOf":{"@id":"https:\/\/osprzepiennikbiskupi.pl\/wordpress\/#website"},"primaryImageOfPage":{"@id":"http:\/\/osprzepiennikbiskupi.pl\/wordpress\/wyroznienia\/#primaryimage"},"image":{"@id":"http:\/\/osprzepiennikbiskupi.pl\/wordpress\/wyroznienia\/#primaryimage"},"thumbnailUrl":"http:\/\/osprzepiennikbiskupi.pl\/wordpress\/wp-content\/uploads\/2012\/12\/DSC00260-1024x681.jpg","datePublished":"2012-12-08T22:06:33+00:00","dateModified":"2015-12-30T20:08:38+00:00","breadcrumb":{"@id":"http:\/\/osprzepiennikbiskupi.pl\/wordpress\/wyroznienia\/#breadcrumb"},"inLanguage":"pl-PL","potentialAction":[{"@type":"ReadAction","target":["http:\/\/osprzepiennikbiskupi.pl\/wordpress\/wyroznienia\/"]}]},{"@type":"ImageObject","inLanguage":"pl-PL","@id":"http:\/\/osprzepiennikbiskupi.pl\/wordpress\/wyroznienia\/#primaryimage","url":"https:\/\/i0.wp.com\/osprzepiennikbiskupi.pl\/wordpress\/wp-content\/uploads\/2012\/12\/DSC00260.jpg?fit=2728%2C1816","contentUrl":"https:\/\/i0.wp.com\/osprzepiennikbiskupi.pl\/wordpress\/wp-content\/uploads\/2012\/12\/DSC00260.jpg?fit=2728%2C1816","width":2728,"height":1816},{"@type":"BreadcrumbList","@id":"http:\/\/osprzepiennikbiskupi.pl\/wordpress\/wyroznienia\/#breadcrumb","itemListElement":[{"@type":"ListItem","position":1,"name":"Strona g\u0142\u00f3wna","item":"https:\/\/osprzepiennikbiskupi.pl\/wordpress\/"},{"@type":"ListItem","position":2,"name":"Wyr\u00f3\u017cnienia"}]},{"@type":"WebSite","@id":"https:\/\/osprzepiennikbiskupi.pl\/wordpress\/#website","url":"https:\/\/osprzepiennikbiskupi.pl\/wordpress\/","name":"OSP Rzepiennik Biskupi","description":"","potentialAction":[{"@type":"SearchAction","target":{"@type":"EntryPoint","urlTemplate":"https:\/\/osprzepiennikbiskupi.pl\/wordpress\/?s={search_term_string}"},"query-input":{"@type":"PropertyValueSpecification","valueRequired":true,"valueName":"search_term_string"}}],"inLanguage":"pl-PL"}]}},"jetpack_sharing_enabled":true,"jetpack_shortlink":"https:\/\/wp.me\/P74VFp-d","jetpack-related-posts":[{"id":1122,"url":"http:\/\/osprzepiennikbiskupi.pl\/wordpress\/jot\/","url_meta":{"origin":13,"position":0},"title":"JOT","author":"Dawid Stankowski","date":"31 stycznia 2016","format":false,"excerpt":"Jednostka Operacyjno \u2013 Techniczna (JOT) - to grupa stra\u017cak\u00f3w mog\u0105cych bra\u0107 udzia\u0142 w dzia\u0142aniach ratowniczo - ga\u015bniczych. Wymagania dla JOT to: wiek od 18 do 65 lat, aktualne badania lekarskie dopuszczaj\u0105ce do brania udzia\u0142u w dzia\u0142aniach ratowniczo - ga\u015bniczych, wyszkolenie przynajmniej stopnia podstawowego, \u00a0 Cz\u0142onkowie JOT w OSP Rzepiennik Biskupi:\u2026","rel":"","context":"Podobny wpis","block_context":{"text":"Podobny wpis","link":""},"img":{"alt_text":"","src":"","width":0,"height":0},"classes":[]},{"id":1189,"url":"http:\/\/osprzepiennikbiskupi.pl\/wordpress\/spisczlonkow\/","url_meta":{"origin":13,"position":1},"title":"Cz\u0142onkowie","author":"Dawid Stankowski","date":"6 kwietnia 2016","format":false,"excerpt":"Obecnie w stra\u017cy jest 35 cz\u0142onk\u00f3w. \u00a0 Oraz o\u015bmiu honorowych: \u00a0 Eugeniusz Kie\u0142tyka, Eugeniusz Hadalski, Lucjan G\u0105sior, Kazimierz Kie\u0142tyka, Stanis\u0142aw Wal, Wies\u0142aw Fudala, Wies\u0142aw Witek, Zdzis\u0142aw Kie\u0142tyka,","rel":"","context":"Podobny wpis","block_context":{"text":"Podobny wpis","link":""},"img":{"alt_text":"","src":"","width":0,"height":0},"classes":[]},{"id":20,"url":"http:\/\/osprzepiennikbiskupi.pl\/wordpress\/","url_meta":{"origin":13,"position":2},"title":"Strona G\u0142\u00f3wna","author":"Dawid Stankowski","date":"9 czerwca 2013","format":false,"excerpt":"Ochotnicza Stra\u017c Po\u017carna w Rzepienniku Biskupim . Rok powstania: 1960\u00a0 \u00a0 \u00a0 \u00a0 \u00a0 Zarz\u0105d: \u00a0 \u00a0 \u00a0 \u00a0Prezes: \u00a0 \u00a0 \u00a0 \u00a0 \u00a0 \u00a0 \u00a0 \u00a0 \u00a0 \u00a0 \u00a0 \u00a0 \u00a0 \u00a0 \u00a0 \u00a0 Kie\u0142tyka \u0141ukasz \u00a0 \u00a0 \u00a0Wiceprezes: \u00a0 \u00a0 \u00a0 \u00a0 \u00a0 \u00a0 \u00a0 \u00a0 \u00a0 \u00a0\u2026","rel":"","context":"Podobny wpis","block_context":{"text":"Podobny wpis","link":""},"img":{"alt_text":"","src":"https:\/\/i0.wp.com\/osprzepiennikbiskupi.pl\/wordpress\/wp-content\/uploads\/2013\/06\/DSC06794.jpg?resize=350%2C200","width":350,"height":200,"srcset":"https:\/\/i0.wp.com\/osprzepiennikbiskupi.pl\/wordpress\/wp-content\/uploads\/2013\/06\/DSC06794.jpg?resize=350%2C200 1x, https:\/\/i0.wp.com\/osprzepiennikbiskupi.pl\/wordpress\/wp-content\/uploads\/2013\/06\/DSC06794.jpg?resize=525%2C300 1.5x, https:\/\/i0.wp.com\/osprzepiennikbiskupi.pl\/wordpress\/wp-content\/uploads\/2013\/06\/DSC06794.jpg?resize=700%2C400 2x, https:\/\/i0.wp.com\/osprzepiennikbiskupi.pl\/wordpress\/wp-content\/uploads\/2013\/06\/DSC06794.jpg?resize=1050%2C600 3x, https:\/\/i0.wp.com\/osprzepiennikbiskupi.pl\/wordpress\/wp-content\/uploads\/2013\/06\/DSC06794.jpg?resize=1400%2C800 4x"},"classes":[]}],"_links":{"self":[{"href":"http:\/\/osprzepiennikbiskupi.pl\/wordpress\/wp-json\/wp\/v2\/pages\/13","targetHints":{"allow":["GET"]}}],"collection":[{"href":"http:\/\/osprzepiennikbiskupi.pl\/wordpress\/wp-json\/wp\/v2\/pages"}],"about":[{"href":"http:\/\/osprzepiennikbiskupi.pl\/wordpress\/wp-json\/wp\/v2\/types\/page"}],"author":[{"embeddable":true,"href":"http:\/\/osprzepiennikbiskupi.pl\/wordpress\/wp-json\/wp\/v2\/users\/3"}],"replies":[{"embeddable":true,"href":"http:\/\/osprzepiennikbiskupi.pl\/wordpress\/wp-json\/wp\/v2\/comments?post=13"}],"version-history":[{"count":36,"href":"http:\/\/osprzepiennikbiskupi.pl\/wordpress\/wp-json\/wp\/v2\/pages\/13\/revisions"}],"predecessor-version":[{"id":971,"href":"http:\/\/osprzepiennikbiskupi.pl\/wordpress\/wp-json\/wp\/v2\/pages\/13\/revisions\/971"}],"wp:attachment":[{"href":"http:\/\/osprzepiennikbiskupi.pl\/wordpress\/wp-json\/wp\/v2\/media?parent=13"}],"curies":[{"name":"wp","href":"https:\/\/api.w.org\/{rel}","templated":true}]}}