{"id":1189,"date":"2016-04-06T19:18:14","date_gmt":"2016-04-06T17:18:14","guid":{"rendered":"http:\/\/osprzepiennikbiskupi.pl\/wordpress\/?page_id=1189"},"modified":"2016-04-22T20:33:39","modified_gmt":"2016-04-22T18:33:39","slug":"spisczlonkow","status":"publish","type":"page","link":"http:\/\/osprzepiennikbiskupi.pl\/wordpress\/spisczlonkow\/","title":{"rendered":"Cz\u0142onkowie"},"content":{"rendered":"<p><strong><span style=\"font-family: arial, helvetica, sans-serif; font-size: 20px;\">Obecnie w stra\u017cy jest 35 cz\u0142onk\u00f3w.<\/span><\/strong><\/p>\n<p><div class=\"column-group columns-3\"><br \/>\n<div class=\"column column-number-1 column-span-1\"><\/p>\n<ul>\n<li>Kie\u0142tyka \u0141ukasz<\/li>\n<li>Firlit Ryszard<\/li>\n<li>Serafin Zdzis\u0142aw<\/li>\n<li>Bajorek\u00a0Bronis\u0142aw<\/li>\n<li>Bajorek Pawe\u0142 (s. Wies\u0142awa)<\/li>\n<li>Wiktorek\u00a0Pawe\u0142 (s. Edwarda)<\/li>\n<li>Wikorek Piotr<\/li>\n<li>Wiktorek Renata<\/li>\n<li>G\u0105sior Artur<\/li>\n<li>Serafin Norbert<\/li>\n<li>Wi\u0119ckowski Hubert<\/li>\n<li>Bajorek Marcin (s. Wies\u0142awa)<br \/>\n<\/div><div class=\"column column-number-2 column-span-1\"><\/li>\n<li>Bajorek Mateusz<\/li>\n<li>Bajorek Pawe\u0142 (s. Bronis\u0142awa<\/li>\n<li>G\u0105sior Miros\u0142aw<\/li>\n<li>Firlit Tadeusz (s. Alferda)<\/li>\n<li>Bajorek Wies\u0142aw<\/li>\n<li>Ryndak Mateusz<\/li>\n<li>Kopek Piotr (s. Franciszka)<\/li>\n<li>Roman Mateusz<\/li>\n<li>R\u0105pa\u0142a Piotr (s. Stanis\u0142awa)<\/li>\n<li>Roman Micha\u0142<\/li>\n<li>S\u0142owik Przemek (s. Andrzeja)<\/li>\n<li>Serafin Dawid (s. Czes\u0142awa)<span style=\"line-height: 1.5;\"><br \/>\n<\/div><\/span><span style=\"line-height: 1.5;\"><div class=\"column column-number-3 last column-span-1\"><p><\/span><\/li>\n<li>Tupek Dariusz<\/li>\n<li>Pasterski Pawe\u0142<\/li>\n<li>Kopek S\u0142awomir<\/li>\n<li>Kopek Micha\u0142<\/li>\n<li>My\u015bliwiec Maria<\/li>\n<li>S\u0142owik Rados\u0142aw<\/li>\n<li>Serafin Sylwia<\/li>\n<li>Kie\u0142tyka Nicoletta<\/li>\n<li>Firlit Gabriela<\/li>\n<li>Firlit Wiktoria<\/li>\n<li>R\u0105pa\u0142a Karolina<br \/>\n<\/div><br \/>\n<\/div><\/li>\n<\/ul>\n<p>&nbsp;<\/p>\n<p><span style=\"font-size: 20px; font-family: arial, helvetica, sans-serif;\"><strong>Oraz o\u015bmiu honorowych:<\/strong><\/span><\/p>\n<p>&nbsp;<\/p>\n<ul>\n<li><b>Eugeniusz Kie\u0142tyka,<\/b><\/li>\n<li><b><\/b><strong>Eugeniusz Hadalski,<\/strong><\/li>\n<li><strong>Lucjan G\u0105sior,<\/strong><\/li>\n<li><strong>Kazimierz Kie\u0142tyka,<\/strong><\/li>\n<li><strong>Stanis\u0142aw Wal,<\/strong><\/li>\n<li><strong>Wies\u0142aw Fudala,<\/strong><\/li>\n<li><strong>Wies\u0142aw Witek,<\/strong><\/li>\n<li><strong>Zdzis\u0142aw Kie\u0142tyka,<\/strong><\/li>\n<\/ul>\n","protected":false},"excerpt":{"rendered":"<p>Obecnie w stra\u017cy jest 35 cz\u0142onk\u00f3w. &nbsp; Oraz o\u015bmiu honorowych: &nbsp; Eugeniusz Kie\u0142tyka, Eugeniusz Hadalski, Lucjan G\u0105sior, Kazimierz Kie\u0142tyka, Stanis\u0142aw Wal, Wies\u0142aw Fudala, Wies\u0142aw Witek, Zdzis\u0142aw Kie\u0142tyka,<\/p>\n","protected":false},"author":3,"featured_media":0,"parent":0,"menu_order":7,"comment_status":"closed","ping_status":"closed","template":"","meta":{"jetpack_post_was_ever_published":false,"footnotes":""},"class_list":["post-1189","page","type-page","status-publish","hentry"],"yoast_head":"<!-- This site is optimized with the Yoast SEO plugin v26.7 - https:\/\/yoast.com\/wordpress\/plugins\/seo\/ -->\n<title>Cz\u0142onkowie - OSP Rzepiennik Biskupi<\/title>\n<meta name=\"description\" content=\"Obecni cz\u0142onkowie stra\u017cy.\" \/>\n<meta name=\"robots\" content=\"index, follow, max-snippet:-1, max-image-preview:large, max-video-preview:-1\" \/>\n<link rel=\"canonical\" href=\"http:\/\/osprzepiennikbiskupi.pl\/wordpress\/spisczlonkow\/\" \/>\n<meta property=\"og:locale\" content=\"pl_PL\" \/>\n<meta property=\"og:type\" content=\"article\" \/>\n<meta property=\"og:title\" content=\"Cz\u0142onkowie - OSP Rzepiennik Biskupi\" \/>\n<meta property=\"og:description\" content=\"Obecni cz\u0142onkowie stra\u017cy.\" \/>\n<meta property=\"og:url\" content=\"http:\/\/osprzepiennikbiskupi.pl\/wordpress\/spisczlonkow\/\" \/>\n<meta property=\"og:site_name\" content=\"OSP Rzepiennik Biskupi\" \/>\n<meta property=\"article:modified_time\" content=\"2016-04-22T18:33:39+00:00\" \/>\n<meta name=\"twitter:card\" content=\"summary_large_image\" \/>\n<meta name=\"twitter:label1\" content=\"Szacowany czas czytania\" \/>\n\t<meta name=\"twitter:data1\" content=\"1 minuta\" \/>\n<script type=\"application\/ld+json\" class=\"yoast-schema-graph\">{\"@context\":\"https:\/\/schema.org\",\"@graph\":[{\"@type\":\"WebPage\",\"@id\":\"http:\/\/osprzepiennikbiskupi.pl\/wordpress\/spisczlonkow\/\",\"url\":\"http:\/\/osprzepiennikbiskupi.pl\/wordpress\/spisczlonkow\/\",\"name\":\"Cz\u0142onkowie - OSP Rzepiennik Biskupi\",\"isPartOf\":{\"@id\":\"https:\/\/osprzepiennikbiskupi.pl\/wordpress\/#website\"},\"datePublished\":\"2016-04-06T17:18:14+00:00\",\"dateModified\":\"2016-04-22T18:33:39+00:00\",\"description\":\"Obecni cz\u0142onkowie stra\u017cy.\",\"breadcrumb\":{\"@id\":\"http:\/\/osprzepiennikbiskupi.pl\/wordpress\/spisczlonkow\/#breadcrumb\"},\"inLanguage\":\"pl-PL\",\"potentialAction\":[{\"@type\":\"ReadAction\",\"target\":[\"http:\/\/osprzepiennikbiskupi.pl\/wordpress\/spisczlonkow\/\"]}]},{\"@type\":\"BreadcrumbList\",\"@id\":\"http:\/\/osprzepiennikbiskupi.pl\/wordpress\/spisczlonkow\/#breadcrumb\",\"itemListElement\":[{\"@type\":\"ListItem\",\"position\":1,\"name\":\"Strona g\u0142\u00f3wna\",\"item\":\"https:\/\/osprzepiennikbiskupi.pl\/wordpress\/\"},{\"@type\":\"ListItem\",\"position\":2,\"name\":\"Cz\u0142onkowie\"}]},{\"@type\":\"WebSite\",\"@id\":\"https:\/\/osprzepiennikbiskupi.pl\/wordpress\/#website\",\"url\":\"https:\/\/osprzepiennikbiskupi.pl\/wordpress\/\",\"name\":\"OSP Rzepiennik Biskupi\",\"description\":\"\",\"potentialAction\":[{\"@type\":\"SearchAction\",\"target\":{\"@type\":\"EntryPoint\",\"urlTemplate\":\"https:\/\/osprzepiennikbiskupi.pl\/wordpress\/?s={search_term_string}\"},\"query-input\":{\"@type\":\"PropertyValueSpecification\",\"valueRequired\":true,\"valueName\":\"search_term_string\"}}],\"inLanguage\":\"pl-PL\"}]}<\/script>\n<!-- \/ Yoast SEO plugin. -->","yoast_head_json":{"title":"Cz\u0142onkowie - OSP Rzepiennik Biskupi","description":"Obecni cz\u0142onkowie stra\u017cy.","robots":{"index":"index","follow":"follow","max-snippet":"max-snippet:-1","max-image-preview":"max-image-preview:large","max-video-preview":"max-video-preview:-1"},"canonical":"http:\/\/osprzepiennikbiskupi.pl\/wordpress\/spisczlonkow\/","og_locale":"pl_PL","og_type":"article","og_title":"Cz\u0142onkowie - OSP Rzepiennik Biskupi","og_description":"Obecni cz\u0142onkowie stra\u017cy.","og_url":"http:\/\/osprzepiennikbiskupi.pl\/wordpress\/spisczlonkow\/","og_site_name":"OSP Rzepiennik Biskupi","article_modified_time":"2016-04-22T18:33:39+00:00","twitter_card":"summary_large_image","twitter_misc":{"Szacowany czas czytania":"1 minuta"},"schema":{"@context":"https:\/\/schema.org","@graph":[{"@type":"WebPage","@id":"http:\/\/osprzepiennikbiskupi.pl\/wordpress\/spisczlonkow\/","url":"http:\/\/osprzepiennikbiskupi.pl\/wordpress\/spisczlonkow\/","name":"Cz\u0142onkowie - OSP Rzepiennik Biskupi","isPartOf":{"@id":"https:\/\/osprzepiennikbiskupi.pl\/wordpress\/#website"},"datePublished":"2016-04-06T17:18:14+00:00","dateModified":"2016-04-22T18:33:39+00:00","description":"Obecni cz\u0142onkowie stra\u017cy.","breadcrumb":{"@id":"http:\/\/osprzepiennikbiskupi.pl\/wordpress\/spisczlonkow\/#breadcrumb"},"inLanguage":"pl-PL","potentialAction":[{"@type":"ReadAction","target":["http:\/\/osprzepiennikbiskupi.pl\/wordpress\/spisczlonkow\/"]}]},{"@type":"BreadcrumbList","@id":"http:\/\/osprzepiennikbiskupi.pl\/wordpress\/spisczlonkow\/#breadcrumb","itemListElement":[{"@type":"ListItem","position":1,"name":"Strona g\u0142\u00f3wna","item":"https:\/\/osprzepiennikbiskupi.pl\/wordpress\/"},{"@type":"ListItem","position":2,"name":"Cz\u0142onkowie"}]},{"@type":"WebSite","@id":"https:\/\/osprzepiennikbiskupi.pl\/wordpress\/#website","url":"https:\/\/osprzepiennikbiskupi.pl\/wordpress\/","name":"OSP Rzepiennik Biskupi","description":"","potentialAction":[{"@type":"SearchAction","target":{"@type":"EntryPoint","urlTemplate":"https:\/\/osprzepiennikbiskupi.pl\/wordpress\/?s={search_term_string}"},"query-input":{"@type":"PropertyValueSpecification","valueRequired":true,"valueName":"search_term_string"}}],"inLanguage":"pl-PL"}]}},"jetpack_sharing_enabled":true,"jetpack_shortlink":"https:\/\/wp.me\/P74VFp-jb","jetpack-related-posts":[{"id":1122,"url":"http:\/\/osprzepiennikbiskupi.pl\/wordpress\/jot\/","url_meta":{"origin":1189,"position":0},"title":"JOT","author":"Dawid Stankowski","date":"31 stycznia 2016","format":false,"excerpt":"Jednostka Operacyjno \u2013 Techniczna (JOT) - to grupa stra\u017cak\u00f3w mog\u0105cych bra\u0107 udzia\u0142 w dzia\u0142aniach ratowniczo - ga\u015bniczych. Wymagania dla JOT to: wiek od 18 do 65 lat, aktualne badania lekarskie dopuszczaj\u0105ce do brania udzia\u0142u w dzia\u0142aniach ratowniczo - ga\u015bniczych, wyszkolenie przynajmniej stopnia podstawowego, \u00a0 Cz\u0142onkowie JOT w OSP Rzepiennik Biskupi:\u2026","rel":"","context":"Podobny wpis","block_context":{"text":"Podobny wpis","link":""},"img":{"alt_text":"","src":"","width":0,"height":0},"classes":[]},{"id":20,"url":"http:\/\/osprzepiennikbiskupi.pl\/wordpress\/","url_meta":{"origin":1189,"position":1},"title":"Strona G\u0142\u00f3wna","author":"Dawid Stankowski","date":"9 czerwca 2013","format":false,"excerpt":"Ochotnicza Stra\u017c Po\u017carna w Rzepienniku Biskupim . Rok powstania: 1960\u00a0 \u00a0 \u00a0 \u00a0 \u00a0 Zarz\u0105d: \u00a0 \u00a0 \u00a0 \u00a0Prezes: \u00a0 \u00a0 \u00a0 \u00a0 \u00a0 \u00a0 \u00a0 \u00a0 \u00a0 \u00a0 \u00a0 \u00a0 \u00a0 \u00a0 \u00a0 \u00a0 Kie\u0142tyka \u0141ukasz \u00a0 \u00a0 \u00a0Wiceprezes: \u00a0 \u00a0 \u00a0 \u00a0 \u00a0 \u00a0 \u00a0 \u00a0 \u00a0 \u00a0\u2026","rel":"","context":"Podobny wpis","block_context":{"text":"Podobny wpis","link":""},"img":{"alt_text":"","src":"https:\/\/i0.wp.com\/osprzepiennikbiskupi.pl\/wordpress\/wp-content\/uploads\/2013\/06\/DSC06794.jpg?resize=350%2C200","width":350,"height":200,"srcset":"https:\/\/i0.wp.com\/osprzepiennikbiskupi.pl\/wordpress\/wp-content\/uploads\/2013\/06\/DSC06794.jpg?resize=350%2C200 1x, https:\/\/i0.wp.com\/osprzepiennikbiskupi.pl\/wordpress\/wp-content\/uploads\/2013\/06\/DSC06794.jpg?resize=525%2C300 1.5x, https:\/\/i0.wp.com\/osprzepiennikbiskupi.pl\/wordpress\/wp-content\/uploads\/2013\/06\/DSC06794.jpg?resize=700%2C400 2x, https:\/\/i0.wp.com\/osprzepiennikbiskupi.pl\/wordpress\/wp-content\/uploads\/2013\/06\/DSC06794.jpg?resize=1050%2C600 3x, https:\/\/i0.wp.com\/osprzepiennikbiskupi.pl\/wordpress\/wp-content\/uploads\/2013\/06\/DSC06794.jpg?resize=1400%2C800 4x"},"classes":[]},{"id":13,"url":"http:\/\/osprzepiennikbiskupi.pl\/wordpress\/wyroznienia\/","url_meta":{"origin":1189,"position":2},"title":"Wyr\u00f3\u017cnienia","author":"Dawid Stankowski","date":"8 grudnia 2012","format":false,"excerpt":"Najbardziej zas\u0142u\u017ceni druhowie zostali uhonorowani odznakami \"Za Wys\u0142ug\u0119 Lat\": Alfred Firlit - 55 lat, Eugeniusz Kie\u0142tyka - 45 lat, Zdzis\u0142aw Kie\u0142tyka - 45 lat, Witek Wies\u0142aw - 40 lat, Bronis\u0142aw Bajorek - 30 lat, Ryszard Firlit - 30 lat, Stanis\u0142aw Wal - 30 lat, Tadeusz Firlit - 25 lat, Zdzis\u0142aw\u2026","rel":"","context":"Podobny wpis","block_context":{"text":"Podobny wpis","link":""},"img":{"alt_text":"DSC00260","src":"https:\/\/i0.wp.com\/osprzepiennikbiskupi.pl\/wordpress\/wp-content\/uploads\/2012\/12\/DSC00260-1024x681.jpg?resize=350%2C200","width":350,"height":200,"srcset":"https:\/\/i0.wp.com\/osprzepiennikbiskupi.pl\/wordpress\/wp-content\/uploads\/2012\/12\/DSC00260-1024x681.jpg?resize=350%2C200 1x, https:\/\/i0.wp.com\/osprzepiennikbiskupi.pl\/wordpress\/wp-content\/uploads\/2012\/12\/DSC00260-1024x681.jpg?resize=525%2C300 1.5x"},"classes":[]}],"_links":{"self":[{"href":"http:\/\/osprzepiennikbiskupi.pl\/wordpress\/wp-json\/wp\/v2\/pages\/1189","targetHints":{"allow":["GET"]}}],"collection":[{"href":"http:\/\/osprzepiennikbiskupi.pl\/wordpress\/wp-json\/wp\/v2\/pages"}],"about":[{"href":"http:\/\/osprzepiennikbiskupi.pl\/wordpress\/wp-json\/wp\/v2\/types\/page"}],"author":[{"embeddable":true,"href":"http:\/\/osprzepiennikbiskupi.pl\/wordpress\/wp-json\/wp\/v2\/users\/3"}],"replies":[{"embeddable":true,"href":"http:\/\/osprzepiennikbiskupi.pl\/wordpress\/wp-json\/wp\/v2\/comments?post=1189"}],"version-history":[{"count":9,"href":"http:\/\/osprzepiennikbiskupi.pl\/wordpress\/wp-json\/wp\/v2\/pages\/1189\/revisions"}],"predecessor-version":[{"id":1207,"href":"http:\/\/osprzepiennikbiskupi.pl\/wordpress\/wp-json\/wp\/v2\/pages\/1189\/revisions\/1207"}],"wp:attachment":[{"href":"http:\/\/osprzepiennikbiskupi.pl\/wordpress\/wp-json\/wp\/v2\/media?parent=1189"}],"curies":[{"name":"wp","href":"https:\/\/api.w.org\/{rel}","templated":true}]}}