{"id":1122,"date":"2016-01-31T13:02:34","date_gmt":"2016-01-31T12:02:34","guid":{"rendered":"http:\/\/osprzepiennikbiskupi.pl\/wordpress\/?page_id=1122"},"modified":"2016-02-08T11:33:36","modified_gmt":"2016-02-08T10:33:36","slug":"jot","status":"publish","type":"page","link":"http:\/\/osprzepiennikbiskupi.pl\/wordpress\/jot\/","title":{"rendered":"JOT"},"content":{"rendered":"<p>Jednostka Operacyjno \u2013 Techniczna (JOT) &#8211; to grupa stra\u017cak\u00f3w mog\u0105cych bra\u0107 udzia\u0142 w dzia\u0142aniach ratowniczo &#8211; ga\u015bniczych.<\/p>\n<p>Wymagania dla JOT to:<\/p>\n<ul>\n<li>wiek od 18 do 65 lat,<\/li>\n<li>aktualne badania lekarskie dopuszczaj\u0105ce do brania udzia\u0142u w dzia\u0142aniach ratowniczo &#8211; ga\u015bniczych,<\/li>\n<li>wyszkolenie przynajmniej stopnia podstawowego,<\/li>\n<\/ul>\n<p>&nbsp;<\/p>\n<p>Cz\u0142onkowie JOT w OSP Rzepiennik Biskupi:<\/p>\n<ol>\n<li>Firlit Ryszard &#8211; dow\u00f3dca, kierowca<\/li>\n<li>Wiktorek Pawe\u0142 &#8211; dow\u00f3dca<\/li>\n<li>Serafin Zdzis\u0142aw &#8211; kierowca<\/li>\n<li>Bajorek Mateusz<\/li>\n<li>Serafin Dawid<\/li>\n<li>Kie\u0142tyka \u0141ukasz<\/li>\n<li>Bajorek Bronis\u0142aw<\/li>\n<li>Pole Wojciech<\/li>\n<li>Bajorek Pawe\u0142<\/li>\n<li>Kopek Piotr<\/li>\n<li>Bajorek Marcin<\/li>\n<li>Bajorek Wies\u0142aw<\/li>\n<li>Ryndak Mateusz<\/li>\n<li>G\u0105sior Artur<\/li>\n<li>Roman Micha\u0142<\/li>\n<li>R\u0105pa\u0142a Piotr<\/li>\n<li>G\u0105sior Miros\u0142aw<\/li>\n<li>Serafin Norbert<\/li>\n<\/ol>\n","protected":false},"excerpt":{"rendered":"<p>Jednostka Operacyjno \u2013 Techniczna (JOT) &#8211; to grupa stra\u017cak\u00f3w mog\u0105cych bra\u0107 udzia\u0142 w dzia\u0142aniach ratowniczo &#8211; ga\u015bniczych. Wymagania dla JOT to: wiek od 18 do 65 lat, aktualne badania lekarskie dopuszczaj\u0105ce do brania udzia\u0142u w dzia\u0142aniach ratowniczo &#8211; ga\u015bniczych, wyszkolenie przynajmniej stopnia podstawowego, &nbsp; Cz\u0142onkowie JOT w OSP Rzepiennik Biskupi: Firlit Ryszard &#8211; dow\u00f3dca, kierowca Wiktorek Pawe\u0142 &#8211; dow\u00f3dca Serafin Zdzis\u0142aw &#8211; kierowca Bajorek Mateusz Serafin Dawid Kie\u0142tyka \u0141ukasz Bajorek Bronis\u0142aw Pole Wojciech Bajorek Pawe\u0142 Kopek Piotr Bajorek Marcin Bajorek [&hellip;]<\/p>\n","protected":false},"author":3,"featured_media":0,"parent":0,"menu_order":3,"comment_status":"closed","ping_status":"closed","template":"","meta":{"jetpack_post_was_ever_published":false,"footnotes":""},"class_list":["post-1122","page","type-page","status-publish","hentry"],"yoast_head":"<!-- This site is optimized with the Yoast SEO plugin v26.7 - https:\/\/yoast.com\/wordpress\/plugins\/seo\/ -->\n<title>JOT - OSP Rzepiennik Biskupi<\/title>\n<meta name=\"robots\" content=\"index, follow, max-snippet:-1, max-image-preview:large, max-video-preview:-1\" \/>\n<link rel=\"canonical\" href=\"http:\/\/osprzepiennikbiskupi.pl\/wordpress\/jot\/\" \/>\n<meta property=\"og:locale\" content=\"pl_PL\" \/>\n<meta property=\"og:type\" content=\"article\" \/>\n<meta property=\"og:title\" content=\"JOT - OSP Rzepiennik Biskupi\" \/>\n<meta property=\"og:description\" content=\"Jednostka Operacyjno \u2013 Techniczna (JOT) &#8211; to grupa stra\u017cak\u00f3w mog\u0105cych bra\u0107 udzia\u0142 w dzia\u0142aniach ratowniczo &#8211; ga\u015bniczych. Wymagania dla JOT to: wiek od 18 do 65 lat, aktualne badania lekarskie dopuszczaj\u0105ce do brania udzia\u0142u w dzia\u0142aniach ratowniczo &#8211; ga\u015bniczych, wyszkolenie przynajmniej stopnia podstawowego, &nbsp; Cz\u0142onkowie JOT w OSP Rzepiennik Biskupi: Firlit Ryszard &#8211; dow\u00f3dca, kierowca Wiktorek Pawe\u0142 &#8211; dow\u00f3dca Serafin Zdzis\u0142aw &#8211; kierowca Bajorek Mateusz Serafin Dawid Kie\u0142tyka \u0141ukasz Bajorek Bronis\u0142aw Pole Wojciech Bajorek Pawe\u0142 Kopek Piotr Bajorek Marcin Bajorek [&hellip;]\" \/>\n<meta property=\"og:url\" content=\"http:\/\/osprzepiennikbiskupi.pl\/wordpress\/jot\/\" \/>\n<meta property=\"og:site_name\" content=\"OSP Rzepiennik Biskupi\" \/>\n<meta property=\"article:modified_time\" content=\"2016-02-08T10:33:36+00:00\" \/>\n<meta name=\"twitter:card\" content=\"summary_large_image\" \/>\n<meta name=\"twitter:label1\" content=\"Szacowany czas czytania\" \/>\n\t<meta name=\"twitter:data1\" content=\"1 minuta\" \/>\n<script type=\"application\/ld+json\" class=\"yoast-schema-graph\">{\"@context\":\"https:\/\/schema.org\",\"@graph\":[{\"@type\":\"WebPage\",\"@id\":\"http:\/\/osprzepiennikbiskupi.pl\/wordpress\/jot\/\",\"url\":\"http:\/\/osprzepiennikbiskupi.pl\/wordpress\/jot\/\",\"name\":\"JOT - OSP Rzepiennik Biskupi\",\"isPartOf\":{\"@id\":\"https:\/\/osprzepiennikbiskupi.pl\/wordpress\/#website\"},\"datePublished\":\"2016-01-31T12:02:34+00:00\",\"dateModified\":\"2016-02-08T10:33:36+00:00\",\"breadcrumb\":{\"@id\":\"http:\/\/osprzepiennikbiskupi.pl\/wordpress\/jot\/#breadcrumb\"},\"inLanguage\":\"pl-PL\",\"potentialAction\":[{\"@type\":\"ReadAction\",\"target\":[\"http:\/\/osprzepiennikbiskupi.pl\/wordpress\/jot\/\"]}]},{\"@type\":\"BreadcrumbList\",\"@id\":\"http:\/\/osprzepiennikbiskupi.pl\/wordpress\/jot\/#breadcrumb\",\"itemListElement\":[{\"@type\":\"ListItem\",\"position\":1,\"name\":\"Strona g\u0142\u00f3wna\",\"item\":\"https:\/\/osprzepiennikbiskupi.pl\/wordpress\/\"},{\"@type\":\"ListItem\",\"position\":2,\"name\":\"JOT\"}]},{\"@type\":\"WebSite\",\"@id\":\"https:\/\/osprzepiennikbiskupi.pl\/wordpress\/#website\",\"url\":\"https:\/\/osprzepiennikbiskupi.pl\/wordpress\/\",\"name\":\"OSP Rzepiennik Biskupi\",\"description\":\"\",\"potentialAction\":[{\"@type\":\"SearchAction\",\"target\":{\"@type\":\"EntryPoint\",\"urlTemplate\":\"https:\/\/osprzepiennikbiskupi.pl\/wordpress\/?s={search_term_string}\"},\"query-input\":{\"@type\":\"PropertyValueSpecification\",\"valueRequired\":true,\"valueName\":\"search_term_string\"}}],\"inLanguage\":\"pl-PL\"}]}<\/script>\n<!-- \/ Yoast SEO plugin. -->","yoast_head_json":{"title":"JOT - OSP Rzepiennik Biskupi","robots":{"index":"index","follow":"follow","max-snippet":"max-snippet:-1","max-image-preview":"max-image-preview:large","max-video-preview":"max-video-preview:-1"},"canonical":"http:\/\/osprzepiennikbiskupi.pl\/wordpress\/jot\/","og_locale":"pl_PL","og_type":"article","og_title":"JOT - OSP Rzepiennik Biskupi","og_description":"Jednostka Operacyjno \u2013 Techniczna (JOT) &#8211; to grupa stra\u017cak\u00f3w mog\u0105cych bra\u0107 udzia\u0142 w dzia\u0142aniach ratowniczo &#8211; ga\u015bniczych. Wymagania dla JOT to: wiek od 18 do 65 lat, aktualne badania lekarskie dopuszczaj\u0105ce do brania udzia\u0142u w dzia\u0142aniach ratowniczo &#8211; ga\u015bniczych, wyszkolenie przynajmniej stopnia podstawowego, &nbsp; Cz\u0142onkowie JOT w OSP Rzepiennik Biskupi: Firlit Ryszard &#8211; dow\u00f3dca, kierowca Wiktorek Pawe\u0142 &#8211; dow\u00f3dca Serafin Zdzis\u0142aw &#8211; kierowca Bajorek Mateusz Serafin Dawid Kie\u0142tyka \u0141ukasz Bajorek Bronis\u0142aw Pole Wojciech Bajorek Pawe\u0142 Kopek Piotr Bajorek Marcin Bajorek [&hellip;]","og_url":"http:\/\/osprzepiennikbiskupi.pl\/wordpress\/jot\/","og_site_name":"OSP Rzepiennik Biskupi","article_modified_time":"2016-02-08T10:33:36+00:00","twitter_card":"summary_large_image","twitter_misc":{"Szacowany czas czytania":"1 minuta"},"schema":{"@context":"https:\/\/schema.org","@graph":[{"@type":"WebPage","@id":"http:\/\/osprzepiennikbiskupi.pl\/wordpress\/jot\/","url":"http:\/\/osprzepiennikbiskupi.pl\/wordpress\/jot\/","name":"JOT - OSP Rzepiennik Biskupi","isPartOf":{"@id":"https:\/\/osprzepiennikbiskupi.pl\/wordpress\/#website"},"datePublished":"2016-01-31T12:02:34+00:00","dateModified":"2016-02-08T10:33:36+00:00","breadcrumb":{"@id":"http:\/\/osprzepiennikbiskupi.pl\/wordpress\/jot\/#breadcrumb"},"inLanguage":"pl-PL","potentialAction":[{"@type":"ReadAction","target":["http:\/\/osprzepiennikbiskupi.pl\/wordpress\/jot\/"]}]},{"@type":"BreadcrumbList","@id":"http:\/\/osprzepiennikbiskupi.pl\/wordpress\/jot\/#breadcrumb","itemListElement":[{"@type":"ListItem","position":1,"name":"Strona g\u0142\u00f3wna","item":"https:\/\/osprzepiennikbiskupi.pl\/wordpress\/"},{"@type":"ListItem","position":2,"name":"JOT"}]},{"@type":"WebSite","@id":"https:\/\/osprzepiennikbiskupi.pl\/wordpress\/#website","url":"https:\/\/osprzepiennikbiskupi.pl\/wordpress\/","name":"OSP Rzepiennik Biskupi","description":"","potentialAction":[{"@type":"SearchAction","target":{"@type":"EntryPoint","urlTemplate":"https:\/\/osprzepiennikbiskupi.pl\/wordpress\/?s={search_term_string}"},"query-input":{"@type":"PropertyValueSpecification","valueRequired":true,"valueName":"search_term_string"}}],"inLanguage":"pl-PL"}]}},"jetpack_sharing_enabled":true,"jetpack_shortlink":"https:\/\/wp.me\/P74VFp-i6","jetpack-related-posts":[{"id":1189,"url":"http:\/\/osprzepiennikbiskupi.pl\/wordpress\/spisczlonkow\/","url_meta":{"origin":1122,"position":0},"title":"Cz\u0142onkowie","author":"Dawid Stankowski","date":"6 kwietnia 2016","format":false,"excerpt":"Obecnie w stra\u017cy jest 35 cz\u0142onk\u00f3w. \u00a0 Oraz o\u015bmiu honorowych: \u00a0 Eugeniusz Kie\u0142tyka, Eugeniusz Hadalski, Lucjan G\u0105sior, Kazimierz Kie\u0142tyka, Stanis\u0142aw Wal, Wies\u0142aw Fudala, Wies\u0142aw Witek, Zdzis\u0142aw Kie\u0142tyka,","rel":"","context":"Podobny wpis","block_context":{"text":"Podobny wpis","link":""},"img":{"alt_text":"","src":"","width":0,"height":0},"classes":[]},{"id":20,"url":"http:\/\/osprzepiennikbiskupi.pl\/wordpress\/","url_meta":{"origin":1122,"position":1},"title":"Strona G\u0142\u00f3wna","author":"Dawid Stankowski","date":"9 czerwca 2013","format":false,"excerpt":"Ochotnicza Stra\u017c Po\u017carna w Rzepienniku Biskupim . Rok powstania: 1960\u00a0 \u00a0 \u00a0 \u00a0 \u00a0 Zarz\u0105d: \u00a0 \u00a0 \u00a0 \u00a0Prezes: \u00a0 \u00a0 \u00a0 \u00a0 \u00a0 \u00a0 \u00a0 \u00a0 \u00a0 \u00a0 \u00a0 \u00a0 \u00a0 \u00a0 \u00a0 \u00a0 Kie\u0142tyka \u0141ukasz \u00a0 \u00a0 \u00a0Wiceprezes: \u00a0 \u00a0 \u00a0 \u00a0 \u00a0 \u00a0 \u00a0 \u00a0 \u00a0 \u00a0\u2026","rel":"","context":"Podobny wpis","block_context":{"text":"Podobny wpis","link":""},"img":{"alt_text":"","src":"https:\/\/i0.wp.com\/osprzepiennikbiskupi.pl\/wordpress\/wp-content\/uploads\/2013\/06\/DSC06794.jpg?resize=350%2C200","width":350,"height":200,"srcset":"https:\/\/i0.wp.com\/osprzepiennikbiskupi.pl\/wordpress\/wp-content\/uploads\/2013\/06\/DSC06794.jpg?resize=350%2C200 1x, https:\/\/i0.wp.com\/osprzepiennikbiskupi.pl\/wordpress\/wp-content\/uploads\/2013\/06\/DSC06794.jpg?resize=525%2C300 1.5x, https:\/\/i0.wp.com\/osprzepiennikbiskupi.pl\/wordpress\/wp-content\/uploads\/2013\/06\/DSC06794.jpg?resize=700%2C400 2x, https:\/\/i0.wp.com\/osprzepiennikbiskupi.pl\/wordpress\/wp-content\/uploads\/2013\/06\/DSC06794.jpg?resize=1050%2C600 3x, https:\/\/i0.wp.com\/osprzepiennikbiskupi.pl\/wordpress\/wp-content\/uploads\/2013\/06\/DSC06794.jpg?resize=1400%2C800 4x"},"classes":[]},{"id":13,"url":"http:\/\/osprzepiennikbiskupi.pl\/wordpress\/wyroznienia\/","url_meta":{"origin":1122,"position":2},"title":"Wyr\u00f3\u017cnienia","author":"Dawid Stankowski","date":"8 grudnia 2012","format":false,"excerpt":"Najbardziej zas\u0142u\u017ceni druhowie zostali uhonorowani odznakami \"Za Wys\u0142ug\u0119 Lat\": Alfred Firlit - 55 lat, Eugeniusz Kie\u0142tyka - 45 lat, Zdzis\u0142aw Kie\u0142tyka - 45 lat, Witek Wies\u0142aw - 40 lat, Bronis\u0142aw Bajorek - 30 lat, Ryszard Firlit - 30 lat, Stanis\u0142aw Wal - 30 lat, Tadeusz Firlit - 25 lat, Zdzis\u0142aw\u2026","rel":"","context":"Podobny wpis","block_context":{"text":"Podobny wpis","link":""},"img":{"alt_text":"DSC00260","src":"https:\/\/i0.wp.com\/osprzepiennikbiskupi.pl\/wordpress\/wp-content\/uploads\/2012\/12\/DSC00260-1024x681.jpg?resize=350%2C200","width":350,"height":200,"srcset":"https:\/\/i0.wp.com\/osprzepiennikbiskupi.pl\/wordpress\/wp-content\/uploads\/2012\/12\/DSC00260-1024x681.jpg?resize=350%2C200 1x, https:\/\/i0.wp.com\/osprzepiennikbiskupi.pl\/wordpress\/wp-content\/uploads\/2012\/12\/DSC00260-1024x681.jpg?resize=525%2C300 1.5x"},"classes":[]},{"id":1124,"url":"http:\/\/osprzepiennikbiskupi.pl\/wordpress\/a-l-a-r-m-o-w-a-n-i-e\/","url_meta":{"origin":1122,"position":3},"title":"A L A R M O W A N I E !","author":"Dawid Stankowski","date":"31 stycznia 2016","format":false,"excerpt":"O tym, \u017ce w przypadku zauwa\u017cenia po\u017caru trzeba zadzwoni\u0107 na telefon alarmowy stra\u017cy po\u017carnej 998 lub 112, wie ka\u017cdy. Nie wszyscy jednak wiedz\u0105, \u017ce ka\u017cdy kto zauwa\u017cy po\u017car jest zobowi\u0105zany zaalarmowa\u0107\u00a0o nim najbli\u017csze otoczenie i stra\u017c. Zg\u0142aszaj\u0105c po\u017car nale\u017cy poda\u0107: Gdzie si\u0119 pali, lub wyst\u0105pi\u0142o\u00a0zagro\u017cenie? - najlepiej poda\u0107 dok\u0142adny adres,\u2026","rel":"","context":"Podobny wpis","block_context":{"text":"Podobny wpis","link":""},"img":{"alt_text":"","src":"","width":0,"height":0},"classes":[]},{"id":1258,"url":"http:\/\/osprzepiennikbiskupi.pl\/wordpress\/polityka-prywatnosci\/","url_meta":{"origin":1122,"position":4},"title":"Polityka prywatno\u015bci","author":"Dawid Stankowski","date":"23 lipca 2018","format":false,"excerpt":"Kim jeste\u015bmy OSP Rzepiennik Biskupi Adres naszej strony internetowej to: http:\/\/osprzepiennikbiskupi.pl\/wordpress. Jakie dane osobiste zbieramy i dlaczego je zbieramy Komentarze Kiedy odwiedzaj\u0105cy witryn\u0119 zostawia komentarz, zbieramy dane widoczne w formularzu komentowania, jak i adres IP odwiedzaj\u0105cego oraz podpis jego przegl\u0105darki jako pomoc przy wykrywaniu spamu. Zanonimizowany ci\u0105g znak\u00f3w stworzony na\u2026","rel":"","context":"Podobny wpis","block_context":{"text":"Podobny wpis","link":""},"img":{"alt_text":"","src":"","width":0,"height":0},"classes":[]},{"id":370,"url":"http:\/\/osprzepiennikbiskupi.pl\/wordpress\/galeria\/","url_meta":{"origin":1122,"position":5},"title":"Galeria","author":"Dawid Stankowski","date":"22 kwietnia 2014","format":false,"excerpt":"01.07.2017 - Rozpocz\u0119cie Odpustu Tuchowskiego 01.07.2017 - Rozpocz\u0119cie Odpustu Tuchowskiego 15.04.2017 -\u00a0 Warta przy Grobie Pa\u0144skim. 07.02.2017 - Zebranie sprawozdawcze. \u00a0 01.07.2016 - Rozpocz\u0119cie Odpustu Tuchowskiego. 25.06.2016 - Gminne zawody sportowo - po\u017carnicze 2016. 01.06.2016 - Dzie\u0144 Dziecka w remizie OSP Rzepiennik Biskupi. 20.05.2016 - Ewakuacja przedszkola. 01.05.2016 - Uroczysto\u015b\u0107\u2026","rel":"","context":"Podobny wpis","block_context":{"text":"Podobny wpis","link":""},"img":{"alt_text":"","src":"","width":0,"height":0},"classes":[]}],"_links":{"self":[{"href":"http:\/\/osprzepiennikbiskupi.pl\/wordpress\/wp-json\/wp\/v2\/pages\/1122","targetHints":{"allow":["GET"]}}],"collection":[{"href":"http:\/\/osprzepiennikbiskupi.pl\/wordpress\/wp-json\/wp\/v2\/pages"}],"about":[{"href":"http:\/\/osprzepiennikbiskupi.pl\/wordpress\/wp-json\/wp\/v2\/types\/page"}],"author":[{"embeddable":true,"href":"http:\/\/osprzepiennikbiskupi.pl\/wordpress\/wp-json\/wp\/v2\/users\/3"}],"replies":[{"embeddable":true,"href":"http:\/\/osprzepiennikbiskupi.pl\/wordpress\/wp-json\/wp\/v2\/comments?post=1122"}],"version-history":[{"count":3,"href":"http:\/\/osprzepiennikbiskupi.pl\/wordpress\/wp-json\/wp\/v2\/pages\/1122\/revisions"}],"predecessor-version":[{"id":1132,"href":"http:\/\/osprzepiennikbiskupi.pl\/wordpress\/wp-json\/wp\/v2\/pages\/1122\/revisions\/1132"}],"wp:attachment":[{"href":"http:\/\/osprzepiennikbiskupi.pl\/wordpress\/wp-json\/wp\/v2\/media?parent=1122"}],"curies":[{"name":"wp","href":"https:\/\/api.w.org\/{rel}","templated":true}]}}