{"id":1021,"date":"2016-01-07T08:23:42","date_gmt":"2016-01-07T07:23:42","guid":{"rendered":"http:\/\/osprzepiennikbiskupi.pl\/wordpress\/?page_id=1021"},"modified":"2016-01-16T16:43:15","modified_gmt":"2016-01-16T15:43:15","slug":"kontakt","status":"publish","type":"page","link":"http:\/\/osprzepiennikbiskupi.pl\/wordpress\/kontakt\/","title":{"rendered":"Wy\u015blij wiadomo\u015b\u0107"},"content":{"rendered":"<p>&nbsp;<\/p>\n\n<div class=\"wpcf7 no-js\" id=\"wpcf7-f1010-o1\" lang=\"pl-PL\" dir=\"ltr\" data-wpcf7-id=\"1010\">\n<div class=\"screen-reader-response\"><p role=\"status\" aria-live=\"polite\" aria-atomic=\"true\"><\/p> <ul><\/ul><\/div>\n<form action=\"\/wordpress\/wp-json\/wp\/v2\/pages\/1021#wpcf7-f1010-o1\" method=\"post\" class=\"wpcf7-form init\" aria-label=\"Formularz kontaktowy\" novalidate=\"novalidate\" data-status=\"init\">\n<fieldset class=\"hidden-fields-container\"><input type=\"hidden\" name=\"_wpcf7\" value=\"1010\" \/><input type=\"hidden\" name=\"_wpcf7_version\" value=\"6.1.4\" \/><input type=\"hidden\" name=\"_wpcf7_locale\" value=\"pl_PL\" \/><input type=\"hidden\" name=\"_wpcf7_unit_tag\" value=\"wpcf7-f1010-o1\" \/><input type=\"hidden\" name=\"_wpcf7_container_post\" value=\"0\" \/><input type=\"hidden\" name=\"_wpcf7_posted_data_hash\" value=\"\" \/>\n<\/fieldset>\n<p>Imi\u0119 i nazwisko (wymagane)\n<\/p>\n<p><span class=\"wpcf7-form-control-wrap\" data-name=\"your-name\"><input size=\"40\" maxlength=\"400\" class=\"wpcf7-form-control wpcf7-text wpcf7-validates-as-required\" aria-required=\"true\" aria-invalid=\"false\" value=\"\" type=\"text\" name=\"your-name\" \/><\/span>\n<\/p>\n<p>Adres email (wymagane)\n<\/p>\n<p><span class=\"wpcf7-form-control-wrap\" data-name=\"your-email\"><input size=\"40\" maxlength=\"400\" class=\"wpcf7-form-control wpcf7-email wpcf7-validates-as-required wpcf7-text wpcf7-validates-as-email\" aria-required=\"true\" aria-invalid=\"false\" value=\"\" type=\"email\" name=\"your-email\" \/><\/span>\n<\/p>\n<p>Temat\n<\/p>\n<p><span class=\"wpcf7-form-control-wrap\" data-name=\"your-subject\"><input size=\"40\" maxlength=\"400\" class=\"wpcf7-form-control wpcf7-text\" aria-invalid=\"false\" value=\"\" type=\"text\" name=\"your-subject\" \/><\/span>\n<\/p>\n<p>Tre\u015b\u0107 wiadomo\u015bci\n<\/p>\n<p><span class=\"wpcf7-form-control-wrap\" data-name=\"your-message\"><textarea cols=\"40\" rows=\"10\" maxlength=\"2000\" class=\"wpcf7-form-control wpcf7-textarea\" aria-invalid=\"false\" name=\"your-message\"><\/textarea><\/span>\n<\/p>\n<p><span class=\"wpcf7-form-control-wrap wpgdprc\"><span class=\"wpcf7-form-control wpcf7-wpgdprc wpcf7-validates-as-required\"><span class=\"wpcf7-list-item\"><input type=\"checkbox\" name=\"wpgdprc\" value=\"1\" aria-required=\"true\" aria-invalid=\"false\" \/><span class=\"wpcf7-list-item-label\">Korzystaj\u0105c z formularza zgadzasz si\u0119 na przechowywanie i przetwarzanie twoich danych przez t\u0119 witryn\u0119.<\/span><\/span><\/span><\/span>\n<\/p>\n<p><input class=\"wpcf7-form-control wpcf7-submit has-spinner\" type=\"submit\" value=\"Wy\u015blij\" \/>\n<\/p><div class=\"wpcf7-response-output\" aria-hidden=\"true\"><\/div>\n<\/form>\n<\/div>\n\n","protected":false},"excerpt":{"rendered":"<p>&nbsp;<\/p>\n","protected":false},"author":3,"featured_media":0,"parent":0,"menu_order":20,"comment_status":"closed","ping_status":"closed","template":"","meta":{"jetpack_post_was_ever_published":false,"footnotes":""},"class_list":["post-1021","page","type-page","status-publish","hentry"],"yoast_head":"<!-- This site is optimized with the Yoast SEO plugin v26.7 - https:\/\/yoast.com\/wordpress\/plugins\/seo\/ -->\n<title>Wy\u015blij wiadomo\u015b\u0107 - OSP Rzepiennik Biskupi<\/title>\n<meta name=\"robots\" content=\"index, follow, max-snippet:-1, max-image-preview:large, max-video-preview:-1\" \/>\n<link rel=\"canonical\" href=\"http:\/\/osprzepiennikbiskupi.pl\/wordpress\/kontakt\/\" \/>\n<meta property=\"og:locale\" content=\"pl_PL\" \/>\n<meta property=\"og:type\" content=\"article\" \/>\n<meta property=\"og:title\" content=\"Wy\u015blij wiadomo\u015b\u0107 - OSP Rzepiennik Biskupi\" \/>\n<meta property=\"og:description\" content=\"&nbsp;\" \/>\n<meta property=\"og:url\" content=\"http:\/\/osprzepiennikbiskupi.pl\/wordpress\/kontakt\/\" \/>\n<meta property=\"og:site_name\" content=\"OSP Rzepiennik Biskupi\" \/>\n<meta property=\"article:modified_time\" content=\"2016-01-16T15:43:15+00:00\" \/>\n<meta name=\"twitter:card\" content=\"summary_large_image\" \/>\n<script type=\"application\/ld+json\" class=\"yoast-schema-graph\">{\"@context\":\"https:\/\/schema.org\",\"@graph\":[{\"@type\":\"WebPage\",\"@id\":\"http:\/\/osprzepiennikbiskupi.pl\/wordpress\/kontakt\/\",\"url\":\"http:\/\/osprzepiennikbiskupi.pl\/wordpress\/kontakt\/\",\"name\":\"Wy\u015blij wiadomo\u015b\u0107 - OSP Rzepiennik Biskupi\",\"isPartOf\":{\"@id\":\"https:\/\/osprzepiennikbiskupi.pl\/wordpress\/#website\"},\"datePublished\":\"2016-01-07T07:23:42+00:00\",\"dateModified\":\"2016-01-16T15:43:15+00:00\",\"breadcrumb\":{\"@id\":\"http:\/\/osprzepiennikbiskupi.pl\/wordpress\/kontakt\/#breadcrumb\"},\"inLanguage\":\"pl-PL\",\"potentialAction\":[{\"@type\":\"ReadAction\",\"target\":[\"http:\/\/osprzepiennikbiskupi.pl\/wordpress\/kontakt\/\"]}]},{\"@type\":\"BreadcrumbList\",\"@id\":\"http:\/\/osprzepiennikbiskupi.pl\/wordpress\/kontakt\/#breadcrumb\",\"itemListElement\":[{\"@type\":\"ListItem\",\"position\":1,\"name\":\"Strona g\u0142\u00f3wna\",\"item\":\"https:\/\/osprzepiennikbiskupi.pl\/wordpress\/\"},{\"@type\":\"ListItem\",\"position\":2,\"name\":\"Wy\u015blij wiadomo\u015b\u0107\"}]},{\"@type\":\"WebSite\",\"@id\":\"https:\/\/osprzepiennikbiskupi.pl\/wordpress\/#website\",\"url\":\"https:\/\/osprzepiennikbiskupi.pl\/wordpress\/\",\"name\":\"OSP Rzepiennik Biskupi\",\"description\":\"\",\"potentialAction\":[{\"@type\":\"SearchAction\",\"target\":{\"@type\":\"EntryPoint\",\"urlTemplate\":\"https:\/\/osprzepiennikbiskupi.pl\/wordpress\/?s={search_term_string}\"},\"query-input\":{\"@type\":\"PropertyValueSpecification\",\"valueRequired\":true,\"valueName\":\"search_term_string\"}}],\"inLanguage\":\"pl-PL\"}]}<\/script>\n<!-- \/ Yoast SEO plugin. -->","yoast_head_json":{"title":"Wy\u015blij wiadomo\u015b\u0107 - OSP Rzepiennik Biskupi","robots":{"index":"index","follow":"follow","max-snippet":"max-snippet:-1","max-image-preview":"max-image-preview:large","max-video-preview":"max-video-preview:-1"},"canonical":"http:\/\/osprzepiennikbiskupi.pl\/wordpress\/kontakt\/","og_locale":"pl_PL","og_type":"article","og_title":"Wy\u015blij wiadomo\u015b\u0107 - OSP Rzepiennik Biskupi","og_description":"&nbsp;","og_url":"http:\/\/osprzepiennikbiskupi.pl\/wordpress\/kontakt\/","og_site_name":"OSP Rzepiennik Biskupi","article_modified_time":"2016-01-16T15:43:15+00:00","twitter_card":"summary_large_image","schema":{"@context":"https:\/\/schema.org","@graph":[{"@type":"WebPage","@id":"http:\/\/osprzepiennikbiskupi.pl\/wordpress\/kontakt\/","url":"http:\/\/osprzepiennikbiskupi.pl\/wordpress\/kontakt\/","name":"Wy\u015blij wiadomo\u015b\u0107 - OSP Rzepiennik Biskupi","isPartOf":{"@id":"https:\/\/osprzepiennikbiskupi.pl\/wordpress\/#website"},"datePublished":"2016-01-07T07:23:42+00:00","dateModified":"2016-01-16T15:43:15+00:00","breadcrumb":{"@id":"http:\/\/osprzepiennikbiskupi.pl\/wordpress\/kontakt\/#breadcrumb"},"inLanguage":"pl-PL","potentialAction":[{"@type":"ReadAction","target":["http:\/\/osprzepiennikbiskupi.pl\/wordpress\/kontakt\/"]}]},{"@type":"BreadcrumbList","@id":"http:\/\/osprzepiennikbiskupi.pl\/wordpress\/kontakt\/#breadcrumb","itemListElement":[{"@type":"ListItem","position":1,"name":"Strona g\u0142\u00f3wna","item":"https:\/\/osprzepiennikbiskupi.pl\/wordpress\/"},{"@type":"ListItem","position":2,"name":"Wy\u015blij wiadomo\u015b\u0107"}]},{"@type":"WebSite","@id":"https:\/\/osprzepiennikbiskupi.pl\/wordpress\/#website","url":"https:\/\/osprzepiennikbiskupi.pl\/wordpress\/","name":"OSP Rzepiennik Biskupi","description":"","potentialAction":[{"@type":"SearchAction","target":{"@type":"EntryPoint","urlTemplate":"https:\/\/osprzepiennikbiskupi.pl\/wordpress\/?s={search_term_string}"},"query-input":{"@type":"PropertyValueSpecification","valueRequired":true,"valueName":"search_term_string"}}],"inLanguage":"pl-PL"}]}},"jetpack_sharing_enabled":true,"jetpack_shortlink":"https:\/\/wp.me\/P74VFp-gt","jetpack-related-posts":[],"_links":{"self":[{"href":"http:\/\/osprzepiennikbiskupi.pl\/wordpress\/wp-json\/wp\/v2\/pages\/1021","targetHints":{"allow":["GET"]}}],"collection":[{"href":"http:\/\/osprzepiennikbiskupi.pl\/wordpress\/wp-json\/wp\/v2\/pages"}],"about":[{"href":"http:\/\/osprzepiennikbiskupi.pl\/wordpress\/wp-json\/wp\/v2\/types\/page"}],"author":[{"embeddable":true,"href":"http:\/\/osprzepiennikbiskupi.pl\/wordpress\/wp-json\/wp\/v2\/users\/3"}],"replies":[{"embeddable":true,"href":"http:\/\/osprzepiennikbiskupi.pl\/wordpress\/wp-json\/wp\/v2\/comments?post=1021"}],"version-history":[{"count":6,"href":"http:\/\/osprzepiennikbiskupi.pl\/wordpress\/wp-json\/wp\/v2\/pages\/1021\/revisions"}],"predecessor-version":[{"id":1079,"href":"http:\/\/osprzepiennikbiskupi.pl\/wordpress\/wp-json\/wp\/v2\/pages\/1021\/revisions\/1079"}],"wp:attachment":[{"href":"http:\/\/osprzepiennikbiskupi.pl\/wordpress\/wp-json\/wp\/v2\/media?parent=1021"}],"curies":[{"name":"wp","href":"https:\/\/api.w.org\/{rel}","templated":true}]}}